{"id":1260,"date":"2024-05-13T11:34:26","date_gmt":"2024-05-13T09:34:26","guid":{"rendered":"https:\/\/theaicontentfactory.com\/?post_type=product&#038;p=1260"},"modified":"2024-05-28T19:56:44","modified_gmt":"2024-05-28T17:56:44","slug":"ebook","status":"publish","type":"product","link":"https:\/\/theaicontentfactory.com\/es\/ebook\/","title":{"rendered":"Ebook"},"content":{"rendered":"<p>[et_pb_section fb_built=\u00bb1&#8243; _builder_version=\u00bb4.16&#8243; custom_padding=\u00bb0px||||false|false\u00bb collapsed=\u00bbon\u00bb global_colors_info=\u00bb{}\u00bb][et_pb_row _builder_version=\u00bb4.16&#8243; background_size=\u00bbinitial\u00bb background_position=\u00bbtop_left\u00bb background_repeat=\u00bbrepeat\u00bb width=\u00bb100%\u00bb custom_padding=\u00bb0px||0px||false|false\u00bb global_colors_info=\u00bb{}\u00bb][et_pb_column type=\u00bb4_4&#8243; _builder_version=\u00bb4.16&#8243; custom_padding=\u00bb|||\u00bb global_colors_info=\u00bb{}\u00bb custom_padding__hover=\u00bb|||\u00bb][et_pb_wc_breadcrumb _builder_version=\u00bb4.16&#8243; global_colors_info=\u00bb{}\u00bb][\/et_pb_wc_breadcrumb][et_pb_wc_cart_notice _builder_version=\u00bb4.16&#8243; global_colors_info=\u00bb{}\u00bb][\/et_pb_wc_cart_notice][\/et_pb_column][\/et_pb_row][et_pb_row column_structure=\u00bb1_2,1_2&#8243; _builder_version=\u00bb4.16&#8243; background_size=\u00bbinitial\u00bb background_position=\u00bbtop_left\u00bb background_repeat=\u00bbrepeat\u00bb width=\u00bb100%\u00bb custom_padding=\u00bb0px||||false|false\u00bb global_colors_info=\u00bb{}\u00bb][et_pb_column type=\u00bb1_2&#8243; _builder_version=\u00bb4.16&#8243; custom_padding=\u00bb|||\u00bb global_colors_info=\u00bb{}\u00bb custom_padding__hover=\u00bb|||\u00bb][et_pb_wc_images _builder_version=\u00bb4.25.1&#8243; global_colors_info=\u00bb{}\u00bb][\/et_pb_wc_images][\/et_pb_column][et_pb_column type=\u00bb1_2&#8243; _builder_version=\u00bb4.16&#8243; custom_padding=\u00bb|||\u00bb global_colors_info=\u00bb{}\u00bb custom_padding__hover=\u00bb|||\u00bb][et_pb_wc_title _builder_version=\u00bb4.16&#8243; global_colors_info=\u00bb{}\u00bb][\/et_pb_wc_title][et_pb_wc_rating _builder_version=\u00bb4.16&#8243; global_colors_info=\u00bb{}\u00bb][\/et_pb_wc_rating][et_pb_wc_price _builder_version=\u00bb4.25.1&#8243; module_alignment=\u00bbleft\u00bb global_colors_info=\u00bb{}\u00bb][\/et_pb_wc_price][et_pb_wc_description _builder_version=\u00bb4.16&#8243; global_colors_info=\u00bb{}\u00bb][\/et_pb_wc_description][et_pb_wc_add_to_cart _builder_version=\u00bb4.16&#8243; global_colors_info=\u00bb{}\u00bb][\/et_pb_wc_add_to_cart][et_pb_wc_meta _builder_version=\u00bb4.16&#8243; global_colors_info=\u00bb{}\u00bb][\/et_pb_wc_meta][\/et_pb_column][\/et_pb_row][et_pb_row _builder_version=\u00bb4.16&#8243; background_size=\u00bbinitial\u00bb background_position=\u00bbtop_left\u00bb background_repeat=\u00bbrepeat\u00bb width=\u00bb100%\u00bb global_colors_info=\u00bb{}\u00bb][et_pb_column type=\u00bb4_4&#8243; _builder_version=\u00bb4.16&#8243; custom_padding=\u00bb|||\u00bb global_colors_info=\u00bb{}\u00bb custom_padding__hover=\u00bb|||\u00bb][et_pb_wc_tabs _builder_version=\u00bb4.16&#8243; global_colors_info=\u00bb{}\u00bb]\t\t\t\t\t[\/et_pb_wc_tabs][et_pb_wc_upsells _builder_version=\u00bb4.16&#8243; global_colors_info=\u00bb{}\u00bb][\/et_pb_wc_upsells][et_pb_wc_related_products _builder_version=\u00bb4.16&#8243; global_colors_info=\u00bb{}\u00bb][\/et_pb_wc_related_products][\/et_pb_column][\/et_pb_row][\/et_pb_section]<\/p>\n","protected":false},"excerpt":{"rendered":"<p>Da a conocer tu marca como fuente de autoridad en el mercado o util\u00edzalo como activo para conseguir potenciales clientes. \u00a1Tienes muchas posibilidades! Gracias al ebook de The AI Content Factory podr\u00e1s dar a conocer investigaciones internas, tendencias del mercado o estudios.<\/p>\n<p>Te garantizamos:<\/p>\n<p><strong>Una calidad superior<\/strong>: descubre la sinergia perfecta entre innovaci\u00f3n y precisi\u00f3n. Nuestro ebook ha sido redactado por tecnolog\u00eda de inteligencia artificial y meticulosamente revisado por expertos en tecnolog\u00eda, garantizando contenido actualizado y de alta calidad.<\/p>\n<p><strong>Con fuentes de confianza verificadas:<\/strong> cada dato y concepto del ebook ser\u00e1 cuidadosamente seleccionado y verificado, apoy\u00e1ndose en fuentes fiables para asegurar que tu audiencia reciba informaci\u00f3n aut\u00e9ntica y exacta, fundamental para profesionales del sector tech.<\/p>\n<p><strong>Desarrollado por expertos en tecnolog\u00eda<\/strong>: nuestro equipo de expertos aporta a\u00f1os de experiencia y conocimiento profundo del sector, proporcionando un an\u00e1lisis relevante y aplicable que te posicionar\u00e1 a la vanguardia del campo tecnol\u00f3gico.<\/p>\n<p>Consigue ahora un ebook profesional con texto y maquetaci\u00f3n incluido hoy mismo. \u00a1Est\u00e1s a un clic de dominar tu sector posicion\u00e1ndote como experto en el sector!<\/p>\n","protected":false},"featured_media":1261,"comment_status":"open","ping_status":"closed","template":"","meta":{"_et_pb_use_builder":"on","_et_pb_old_content":"<h3>As\u00ed funciona:<\/h3>\r\n<strong>1. Confirmaci\u00f3n de pago<\/strong>: justo despu\u00e9s de completar tu pago, recibir\u00e1s un correo electr\u00f3nico de confirmaci\u00f3n. Este correo incluir\u00e1 los detalles de tu pago y te presentar\u00e1 a tu Manager asignado.\r\n\r\n<strong>2. Rellena el cuestionario<\/strong>: junto con el correo de confirmaci\u00f3n, encontrar\u00e1s un enlace a un cuestionario. Por favor, compl\u00e9talo para que podamos preparar el material personalizado para ti.\r\n\r\n<strong>3. Recibe tu plantilla visual<\/strong>: en\u00a0<strong>5 d\u00edas h\u00e1biles<\/strong> tras enviarnos tu cuestionario completado, <strong>te enviaremos el texto<\/strong>. Es crucial que lo revises para hacer las modificaciones necesarias.\r\n\r\n<strong>4. <\/strong><strong>Entrega del material: una vez que apruebes el texto, procederemos a dise\u00f1ar tu ebook.\u00a0 <\/strong>Lo tendr\u00e1s listo en solo 2 d\u00edas laborables.\r\n\r\n<strong>6. Acceso a la plataforma de gesti\u00f3n:<\/strong> desde el momento de tu suscripci\u00f3n, tendr\u00e1s acceso a nuestra plataforma de gesti\u00f3n. Aqu\u00ed podr\u00e1s comunicarte f\u00e1cilmente con tu Manager, gestionar tus documentos, y mantener un seguimiento claro de todo el proceso.\r\n\r\n&nbsp;\r\n<h3>\u00a1Estamos emocionados de trabajar contigo y ver crecer tu proyecto!<\/h3>","_et_gb_content_width":""},"product_brand":[],"product_cat":[21],"product_tag":[],"class_list":{"0":"post-1260","1":"product","2":"type-product","3":"status-publish","4":"has-post-thumbnail","6":"product_cat-contenidos-ai","8":"first","9":"instock","10":"sold-individually","11":"taxable","12":"shipping-taxable","13":"purchasable","14":"product-type-variable"},"_links":{"self":[{"href":"https:\/\/theaicontentfactory.com\/es\/wp-json\/wp\/v2\/product\/1260","targetHints":{"allow":["GET"]}}],"collection":[{"href":"https:\/\/theaicontentfactory.com\/es\/wp-json\/wp\/v2\/product"}],"about":[{"href":"https:\/\/theaicontentfactory.com\/es\/wp-json\/wp\/v2\/types\/product"}],"replies":[{"embeddable":true,"href":"https:\/\/theaicontentfactory.com\/es\/wp-json\/wp\/v2\/comments?post=1260"}],"wp:featuredmedia":[{"embeddable":true,"href":"https:\/\/theaicontentfactory.com\/es\/wp-json\/wp\/v2\/media\/1261"}],"wp:attachment":[{"href":"https:\/\/theaicontentfactory.com\/es\/wp-json\/wp\/v2\/media?parent=1260"}],"wp:term":[{"taxonomy":"product_brand","embeddable":true,"href":"https:\/\/theaicontentfactory.com\/es\/wp-json\/wp\/v2\/product_brand?post=1260"},{"taxonomy":"product_cat","embeddable":true,"href":"https:\/\/theaicontentfactory.com\/es\/wp-json\/wp\/v2\/product_cat?post=1260"},{"taxonomy":"product_tag","embeddable":true,"href":"https:\/\/theaicontentfactory.com\/es\/wp-json\/wp\/v2\/product_tag?post=1260"}],"curies":[{"name":"wp","href":"https:\/\/api.w.org\/{rel}","templated":true}]}}