{"id":1247,"date":"2024-05-13T09:53:14","date_gmt":"2024-05-13T07:53:14","guid":{"rendered":"https:\/\/theaicontentfactory.com\/?post_type=product&#038;p=1247"},"modified":"2024-06-27T17:59:30","modified_gmt":"2024-06-27T15:59:30","slug":"social-media-plan-instagram","status":"publish","type":"product","link":"https:\/\/theaicontentfactory.com\/es\/social-media-plan-instagram\/","title":{"rendered":"Social Media Content Plan \ud83d\udcf7 Instagram"},"content":{"rendered":"<p>[et_pb_section fb_built=\u00bb1&#8243; _builder_version=\u00bb4.16&#8243; custom_padding=\u00bb0px||||false|false\u00bb global_colors_info=\u00bb{}\u00bb][et_pb_row _builder_version=\u00bb4.16&#8243; background_size=\u00bbinitial\u00bb background_position=\u00bbtop_left\u00bb background_repeat=\u00bbrepeat\u00bb width=\u00bb100%\u00bb custom_padding=\u00bb0px||0px||false|false\u00bb global_colors_info=\u00bb{}\u00bb][et_pb_column type=\u00bb4_4&#8243; _builder_version=\u00bb4.16&#8243; custom_padding=\u00bb|||\u00bb global_colors_info=\u00bb{}\u00bb custom_padding__hover=\u00bb|||\u00bb][et_pb_wc_breadcrumb _builder_version=\u00bb4.16&#8243; global_colors_info=\u00bb{}\u00bb][\/et_pb_wc_breadcrumb][et_pb_wc_cart_notice _builder_version=\u00bb4.16&#8243; global_colors_info=\u00bb{}\u00bb][\/et_pb_wc_cart_notice][\/et_pb_column][\/et_pb_row][et_pb_row column_structure=\u00bb1_2,1_2&#8243; _builder_version=\u00bb4.16&#8243; background_size=\u00bbinitial\u00bb background_position=\u00bbtop_left\u00bb background_repeat=\u00bbrepeat\u00bb width=\u00bb100%\u00bb custom_padding=\u00bb0px||||false|false\u00bb global_colors_info=\u00bb{}\u00bb][et_pb_column type=\u00bb1_2&#8243; _builder_version=\u00bb4.16&#8243; custom_padding=\u00bb|||\u00bb global_colors_info=\u00bb{}\u00bb custom_padding__hover=\u00bb|||\u00bb][et_pb_wc_images _builder_version=\u00bb4.25.1&#8243; global_colors_info=\u00bb{}\u00bb][\/et_pb_wc_images][\/et_pb_column][et_pb_column type=\u00bb1_2&#8243; _builder_version=\u00bb4.16&#8243; custom_padding=\u00bb|||\u00bb global_colors_info=\u00bb{}\u00bb custom_padding__hover=\u00bb|||\u00bb][et_pb_wc_title _builder_version=\u00bb4.16&#8243; global_colors_info=\u00bb{}\u00bb][\/et_pb_wc_title][et_pb_wc_rating _builder_version=\u00bb4.16&#8243; global_colors_info=\u00bb{}\u00bb][\/et_pb_wc_rating][et_pb_wc_price _builder_version=\u00bb4.25.1&#8243; module_alignment=\u00bbleft\u00bb global_colors_info=\u00bb{}\u00bb][\/et_pb_wc_price][et_pb_wc_description _builder_version=\u00bb4.16&#8243; global_colors_info=\u00bb{}\u00bb][\/et_pb_wc_description][et_pb_wc_add_to_cart _builder_version=\u00bb4.16&#8243; global_colors_info=\u00bb{}\u00bb][\/et_pb_wc_add_to_cart][et_pb_wc_meta _builder_version=\u00bb4.16&#8243; global_colors_info=\u00bb{}\u00bb][\/et_pb_wc_meta][\/et_pb_column][\/et_pb_row][et_pb_row _builder_version=\u00bb4.16&#8243; background_size=\u00bbinitial\u00bb background_position=\u00bbtop_left\u00bb background_repeat=\u00bbrepeat\u00bb width=\u00bb100%\u00bb global_colors_info=\u00bb{}\u00bb][et_pb_column type=\u00bb4_4&#8243; _builder_version=\u00bb4.16&#8243; custom_padding=\u00bb|||\u00bb global_colors_info=\u00bb{}\u00bb custom_padding__hover=\u00bb|||\u00bb][et_pb_wc_tabs _builder_version=\u00bb4.16&#8243; global_colors_info=\u00bb{}\u00bb]\t\t\t\t\t[\/et_pb_wc_tabs][et_pb_wc_upsells _builder_version=\u00bb4.16&#8243; global_colors_info=\u00bb{}\u00bb][\/et_pb_wc_upsells][et_pb_wc_related_products _builder_version=\u00bb4.16&#8243; global_colors_info=\u00bb{}\u00bb][\/et_pb_wc_related_products][\/et_pb_column][\/et_pb_row][\/et_pb_section]<\/p>\n","protected":false},"excerpt":{"rendered":"<p>Empieza hoy a <strong>amplificar tu marca con contenidos en las redes sociales que atraigan todas las miradas<\/strong>. La suscripci\u00f3n mensual al Social Media Plan te proporciona todo lo necesario para que publiques varias veces a la semana de forma consistente, profesional y r\u00e1pida, solo copiar y pegar en tus redes sociales.<\/p>\n<p>El paquete mensual del Social Media Plan incluye:<\/p>\n<p>\u00b7 Plantilla visual adaptada a tu empresa, con tus colores corporativos, tu tipograf\u00eda y tu logo, dise\u00f1ado por un Community Manager certificado.<br \/>\n\u00b7 20 im\u00e1genes \/ mes.<br \/>\n\u00b7 20 stories \/ mes.<br \/>\n\u00b7 20 textos \/ mes.<br \/>\n\u00b7 Un Community Manager asignado, que te ayudar\u00e1 en lo que necesites<br \/>\n\u00b7 Plataforma de comunicaci\u00f3n privada, 24 horas, 356 d\u00edas.<\/p>\n<p>&nbsp;<\/p>\n<h3>Cancela cuando quieras, sin compromiso.<\/h3>\n","protected":false},"featured_media":1248,"comment_status":"open","ping_status":"closed","template":"","meta":{"_et_pb_use_builder":"on","_et_pb_old_content":"<h3>As\u00ed funciona:<\/h3>\r\n<strong>1. Confirmaci\u00f3n de pago<\/strong>: justo despu\u00e9s de completar tu pago, recibir\u00e1s un correo electr\u00f3nico de confirmaci\u00f3n. Este correo incluir\u00e1 los detalles de tu suscripci\u00f3n y te presentar\u00e1 a tu Community Manager asignado.\r\n\r\n<strong>2. Rellena el cuestionario<\/strong>: junto con el correo de confirmaci\u00f3n, encontrar\u00e1s un enlace a un cuestionario. Por favor, compl\u00e9talo para que podamos preparar el material personalizado para ti.\r\n\r\n<strong>3. Recibe tu plantilla visual<\/strong>: en\u00a0<strong>2 d\u00edas h\u00e1biles<\/strong> tras enviarnos tu cuestionario completado, <strong>te enviaremos un modelo de plantilla visual<\/strong>. Es crucial para asegurarnos de que cumplimos con tus expectativas y necesidades.\r\n\r\n<strong>4. Aprobaci\u00f3n de la plantilla visual<\/strong>: una vez que revises esta plantilla, necesitamos tu aprobaci\u00f3n para continuar. Si todo est\u00e1 conforme a tus expectativas, conf\u00edrmalo para que podamos comenzar a trabajar en tus publicaciones de Instagram a trav\u00e9s de la plataforma de The AI Content Factory.\r\n\r\n<strong>5. Entrega del material:<\/strong> recibir\u00e1s tus publicaciones (texto e imagen) en un plazo de 5 d\u00edas. Estos estar\u00e1n cuidadosamente elaborados seg\u00fan tus indicaciones y necesidades.\r\n\r\n<strong>6. Acceso a la plataforma de gesti\u00f3n:<\/strong> desde el momento de tu suscripci\u00f3n, tendr\u00e1s acceso a nuestra plataforma de gesti\u00f3n. Aqu\u00ed podr\u00e1s comunicarte f\u00e1cilmente con tu Manager, gestionar tus documentos, y mantener un seguimiento claro de todo el proceso.\r\n\r\n&nbsp;\r\n<h3>\u00a1Estamos emocionados de trabajar contigo y de ver crecer tu proyecto!<\/h3>","_et_gb_content_width":""},"product_brand":[],"product_cat":[25],"product_tag":[],"class_list":{"0":"post-1247","1":"product","2":"type-product","3":"status-publish","4":"has-post-thumbnail","6":"product_cat-suscripciones-contenidos-ai","8":"first","9":"instock","10":"virtual","11":"taxable","12":"purchasable","13":"product-type-simple"},"_links":{"self":[{"href":"https:\/\/theaicontentfactory.com\/es\/wp-json\/wp\/v2\/product\/1247","targetHints":{"allow":["GET"]}}],"collection":[{"href":"https:\/\/theaicontentfactory.com\/es\/wp-json\/wp\/v2\/product"}],"about":[{"href":"https:\/\/theaicontentfactory.com\/es\/wp-json\/wp\/v2\/types\/product"}],"replies":[{"embeddable":true,"href":"https:\/\/theaicontentfactory.com\/es\/wp-json\/wp\/v2\/comments?post=1247"}],"wp:featuredmedia":[{"embeddable":true,"href":"https:\/\/theaicontentfactory.com\/es\/wp-json\/wp\/v2\/media\/1248"}],"wp:attachment":[{"href":"https:\/\/theaicontentfactory.com\/es\/wp-json\/wp\/v2\/media?parent=1247"}],"wp:term":[{"taxonomy":"product_brand","embeddable":true,"href":"https:\/\/theaicontentfactory.com\/es\/wp-json\/wp\/v2\/product_brand?post=1247"},{"taxonomy":"product_cat","embeddable":true,"href":"https:\/\/theaicontentfactory.com\/es\/wp-json\/wp\/v2\/product_cat?post=1247"},{"taxonomy":"product_tag","embeddable":true,"href":"https:\/\/theaicontentfactory.com\/es\/wp-json\/wp\/v2\/product_tag?post=1247"}],"curies":[{"name":"wp","href":"https:\/\/api.w.org\/{rel}","templated":true}]}}