{"id":1152,"date":"2024-05-12T17:21:01","date_gmt":"2024-05-12T15:21:01","guid":{"rendered":"https:\/\/theaicontentfactory.com\/?post_type=product&#038;p=1152"},"modified":"2024-11-19T17:45:50","modified_gmt":"2024-11-19T16:45:50","slug":"blog-content-plan","status":"publish","type":"product","link":"https:\/\/theaicontentfactory.com\/es\/blog-content-plan\/","title":{"rendered":"Blog Content Plan"},"content":{"rendered":"<p>[et_pb_section fb_built=\u00bb1&#8243; _builder_version=\u00bb4.16&#8243; custom_padding=\u00bb0px||||false|false\u00bb global_colors_info=\u00bb{}\u00bb][et_pb_row _builder_version=\u00bb4.16&#8243; background_size=\u00bbinitial\u00bb background_position=\u00bbtop_left\u00bb background_repeat=\u00bbrepeat\u00bb width=\u00bb100%\u00bb custom_padding=\u00bb0px||0px||false|false\u00bb global_colors_info=\u00bb{}\u00bb][et_pb_column type=\u00bb4_4&#8243; _builder_version=\u00bb4.16&#8243; custom_padding=\u00bb|||\u00bb global_colors_info=\u00bb{}\u00bb custom_padding__hover=\u00bb|||\u00bb][et_pb_wc_breadcrumb _builder_version=\u00bb4.16&#8243; global_colors_info=\u00bb{}\u00bb][\/et_pb_wc_breadcrumb][et_pb_wc_cart_notice _builder_version=\u00bb4.16&#8243; global_colors_info=\u00bb{}\u00bb][\/et_pb_wc_cart_notice][\/et_pb_column][\/et_pb_row][et_pb_row column_structure=\u00bb1_2,1_2&#8243; _builder_version=\u00bb4.16&#8243; background_size=\u00bbinitial\u00bb background_position=\u00bbtop_left\u00bb background_repeat=\u00bbrepeat\u00bb width=\u00bb100%\u00bb custom_padding=\u00bb0px||||false|false\u00bb global_colors_info=\u00bb{}\u00bb][et_pb_column type=\u00bb1_2&#8243; _builder_version=\u00bb4.16&#8243; custom_padding=\u00bb|||\u00bb global_colors_info=\u00bb{}\u00bb custom_padding__hover=\u00bb|||\u00bb][et_pb_wc_images _builder_version=\u00bb4.25.1&#8243; global_colors_info=\u00bb{}\u00bb][\/et_pb_wc_images][\/et_pb_column][et_pb_column type=\u00bb1_2&#8243; _builder_version=\u00bb4.16&#8243; custom_padding=\u00bb|||\u00bb global_colors_info=\u00bb{}\u00bb custom_padding__hover=\u00bb|||\u00bb][et_pb_wc_title _builder_version=\u00bb4.16&#8243; global_colors_info=\u00bb{}\u00bb][\/et_pb_wc_title][et_pb_wc_rating _builder_version=\u00bb4.16&#8243; global_colors_info=\u00bb{}\u00bb][\/et_pb_wc_rating][et_pb_wc_price _builder_version=\u00bb4.25.1&#8243; module_alignment=\u00bbleft\u00bb global_colors_info=\u00bb{}\u00bb][\/et_pb_wc_price][et_pb_wc_description _builder_version=\u00bb4.16&#8243; global_colors_info=\u00bb{}\u00bb][\/et_pb_wc_description][et_pb_wc_add_to_cart _builder_version=\u00bb4.16&#8243; global_colors_info=\u00bb{}\u00bb][\/et_pb_wc_add_to_cart][et_pb_wc_meta _builder_version=\u00bb4.16&#8243; global_colors_info=\u00bb{}\u00bb][\/et_pb_wc_meta][\/et_pb_column][\/et_pb_row][et_pb_row _builder_version=\u00bb4.16&#8243; background_size=\u00bbinitial\u00bb background_position=\u00bbtop_left\u00bb background_repeat=\u00bbrepeat\u00bb width=\u00bb100%\u00bb global_colors_info=\u00bb{}\u00bb][et_pb_column type=\u00bb4_4&#8243; _builder_version=\u00bb4.16&#8243; custom_padding=\u00bb|||\u00bb global_colors_info=\u00bb{}\u00bb custom_padding__hover=\u00bb|||\u00bb][et_pb_text _builder_version=\u00bb4.25.1&#8243; _module_preset=\u00bbdefault\u00bb global_colors_info=\u00bb{}\u00bb]<\/p>\n<p>Lorem ipsum<\/p>\n<p>[\/et_pb_text][et_pb_wc_related_products _builder_version=\u00bb4.16&#8243; global_colors_info=\u00bb{}\u00bb][\/et_pb_wc_related_products][\/et_pb_column][\/et_pb_row][\/et_pb_section]<\/p>\n","protected":false},"excerpt":{"rendered":"<p>Empieza hoy a <strong>amplificar tu marca con contenidos que posiciones en los motores de b\u00fasqueda<\/strong>. La suscripci\u00f3n mensual al Blog Content Plan te proporciona todo lo necesario para que publiques todas las semanas de forma consistente, profesional y r\u00e1pida, solo copiar y pegar en tu CMS.<\/p>\n<p>El paquete mensual del Blog Content Plan incluye:<\/p>\n<p>\u00b7 Un calendario de temas (adaptado a tus necesidades)<br \/>\n\u00b7 4 art\u00edculos\/mes (1.000 palabras) con revisiones ilimitadas.<br \/>\n\u00b7 Optimizaci\u00f3n SEO seg\u00fan la palabra clave seleccionada por ti.<br \/>\n\u00b7 100 im\u00e1genes generadas por IA \u00fanicas con todos los derechos de uso.<br \/>\n\u00b7 Gestor asignado para que te comuniques con \u00e9l cuando lo necesites.<br \/>\n\u00b7 Plataforma de comunicaci\u00f3n privada, 24 horas, 356 d\u00edas.<\/p>\n<p>&nbsp;<\/p>\n<h3>Cancela cuando quieras, sin compromiso.<\/h3>\n","protected":false},"featured_media":1229,"comment_status":"open","ping_status":"closed","template":"","meta":{"_et_pb_use_builder":"on","_et_pb_old_content":"<h2>As\u00ed funciona:<\/h2>\r\n<h3><strong>1. Confirmaci\u00f3n de pago<\/strong><\/h3>\r\nJusto despu\u00e9s de completar tu pago, recibir\u00e1s un correo electr\u00f3nico de confirmaci\u00f3n. Este correo incluir\u00e1 los detalles de tu suscripci\u00f3n y te presentar\u00e1 a tu Manager asignado.\r\n<h3><strong>2. Rellena el cuestionario<\/strong><\/h3>\r\nJunto con el correo de confirmaci\u00f3n, encontrar\u00e1s un enlace a un cuestionario. Por favor, compl\u00e9talo para que podamos preparar un calendario de contenidos personalizado para ti.\r\n<h3><strong>3. Recibe tu calendario de contenidos<\/strong><\/h3>\r\nEn <strong>2 d\u00edas h\u00e1biles<\/strong> tras enviarnos tu cuestionario completado, <strong>te enviaremos el calendario de contenidos propuesto<\/strong>. Este calendario es crucial para asegurarnos de que cumplimos con tus expectativas y necesidades.\r\n<h3><strong>4. Aprobaci\u00f3n del calendario<\/strong><\/h3>\r\nUna vez que revises el calendario, necesitamos tu aprobaci\u00f3n para continuar. Si todo est\u00e1 conforme a tus expectativas, conf\u00edrmalo para que podamos comenzar a trabajar en tus art\u00edculos a trav\u00e9s de la plataforma de The AI Content Factory.\r\n<h3><strong>5. Entrega de art\u00edculos<\/strong><\/h3>\r\nRecibir\u00e1s tus art\u00edculos en un plazo de 3 d\u00edas tras la aprobaci\u00f3n del calendario. Estos estar\u00e1n cuidadosamente elaborados seg\u00fan tus indicaciones y necesidades.\r\n<h3><strong>6. Revisiones Ilimitadas<\/strong><\/h3>\r\nSabemos que puede ser necesario ajustar algunos detalles, por eso ofrecemos revisiones ilimitadas. Puedes solicitar todas las modificaciones que consideres necesarias hasta que est\u00e9s completamente satisfecho con los art\u00edculos.\r\n<h3><strong>7. Acceso a la plataforma de gesti\u00f3n<\/strong><\/h3>\r\nDesde el momento de tu suscripci\u00f3n, tendr\u00e1s acceso a nuestra plataforma de gesti\u00f3n. Aqu\u00ed podr\u00e1s comunicarte f\u00e1cilmente con tu Manager, gestionar tus documentos, y mantener un seguimiento claro de todo el proceso.\r\n\r\n&nbsp;\r\n<h3>\u00a1Estamos emocionados de trabajar contigo y de ver crecer tu proyecto!<\/h3>","_et_gb_content_width":""},"product_brand":[],"product_cat":[25],"product_tag":[],"class_list":{"0":"post-1152","1":"product","2":"type-product","3":"status-publish","4":"has-post-thumbnail","6":"product_cat-suscripciones-contenidos-ai","8":"first","9":"instock","10":"virtual","11":"taxable","12":"purchasable","13":"product-type-simple"},"_links":{"self":[{"href":"https:\/\/theaicontentfactory.com\/es\/wp-json\/wp\/v2\/product\/1152","targetHints":{"allow":["GET"]}}],"collection":[{"href":"https:\/\/theaicontentfactory.com\/es\/wp-json\/wp\/v2\/product"}],"about":[{"href":"https:\/\/theaicontentfactory.com\/es\/wp-json\/wp\/v2\/types\/product"}],"replies":[{"embeddable":true,"href":"https:\/\/theaicontentfactory.com\/es\/wp-json\/wp\/v2\/comments?post=1152"}],"wp:featuredmedia":[{"embeddable":true,"href":"https:\/\/theaicontentfactory.com\/es\/wp-json\/wp\/v2\/media\/1229"}],"wp:attachment":[{"href":"https:\/\/theaicontentfactory.com\/es\/wp-json\/wp\/v2\/media?parent=1152"}],"wp:term":[{"taxonomy":"product_brand","embeddable":true,"href":"https:\/\/theaicontentfactory.com\/es\/wp-json\/wp\/v2\/product_brand?post=1152"},{"taxonomy":"product_cat","embeddable":true,"href":"https:\/\/theaicontentfactory.com\/es\/wp-json\/wp\/v2\/product_cat?post=1152"},{"taxonomy":"product_tag","embeddable":true,"href":"https:\/\/theaicontentfactory.com\/es\/wp-json\/wp\/v2\/product_tag?post=1152"}],"curies":[{"name":"wp","href":"https:\/\/api.w.org\/{rel}","templated":true}]}}