{"id":83,"date":"2024-01-21T19:01:17","date_gmt":"2024-01-21T18:01:17","guid":{"rendered":"https:\/\/theaicontentfactory.com\/?page_id=83"},"modified":"2024-10-21T09:08:52","modified_gmt":"2024-10-21T07:08:52","slug":"blog","status":"publish","type":"page","link":"https:\/\/theaicontentfactory.com\/es\/blog\/","title":{"rendered":"BLOG DE MARKETING DE CONTENIDOS"},"content":{"rendered":"<p>[et_pb_section fb_built=\u00bb1&#8243; admin_label=\u00bbHeader\u00bb _builder_version=\u00bb4.22.0&#8243; _module_preset=\u00bbdefault\u00bb background_color=\u00bbgcid-3cfc8c0c-5557-4a5d-9dab-24e78d615311&#8243; custom_padding=\u00bb0px||0px||false|false\u00bb collapsed=\u00bbon\u00bb global_colors_info=\u00bb{%22gcid-3cfc8c0c-5557-4a5d-9dab-24e78d615311%22:%91%22background_color%22%93}\u00bb][et_pb_row _builder_version=\u00bb4.22.0&#8243; _module_preset=\u00bbdefault\u00bb custom_padding=\u00bb||13px|||\u00bb global_colors_info=\u00bb{}\u00bb][et_pb_column type=\u00bb4_4&#8243; _builder_version=\u00bb4.22.0&#8243; _module_preset=\u00bbdefault\u00bb global_colors_info=\u00bb{}\u00bb][et_pb_text _builder_version=\u00bb4.25.1&#8243; _module_preset=\u00bb88574143-b57f-4388-b46b-d05c92f584f9&#8243; header_font=\u00bbWork Sans|600|||||||\u00bb header_text_color=\u00bb#0F736F\u00bb header_font_size=\u00bb17px\u00bb header_letter_spacing=\u00bb1px\u00bb custom_margin=\u00bb||10px|||\u00bb global_colors_info=\u00bb{}\u00bb]<\/p>\n<h1>BLOG DE MARKETING DE CONTENIDOS<\/h1>\n<p>[\/et_pb_text][et_pb_text _builder_version=\u00bb4.25.1&#8243; _module_preset=\u00bb88574143-b57f-4388-b46b-d05c92f584f9&#8243; header_2_font_size=\u00bb58px\u00bb global_colors_info=\u00bb{}\u00bb]<\/p>\n<h2>Un blog de contenido, sin m\u00e1s.<\/h2>\n<p>[\/et_pb_text][\/et_pb_column][\/et_pb_row][\/et_pb_section][et_pb_section fb_built=\u00bb1&#8243; _builder_version=\u00bb4.25.1&#8243; _module_preset=\u00bbdefault\u00bb custom_margin_tablet=\u00bb\u00bb custom_margin_phone=\u00bb-53px||0px||false|false\u00bb custom_margin_last_edited=\u00bbon|phone\u00bb custom_padding=\u00bb0px||0px||false|false\u00bb global_colors_info=\u00bb{}\u00bb][et_pb_row column_structure=\u00bb1_2,1_2&#8243; custom_padding_last_edited=\u00bbon|phone\u00bb _builder_version=\u00bb4.24.0&#8243; _module_preset=\u00bbdefault\u00bb width=\u00bb100%\u00bb max_width=\u00bb1402px\u00bb module_alignment=\u00bbcenter\u00bb custom_margin_tablet=\u00bb\u00bb custom_margin_phone=\u00bb28px||-65px|-4px|false|false\u00bb custom_margin_last_edited=\u00bbon|phone\u00bb custom_padding_tablet=\u00bb\u00bb custom_padding_phone=\u00bb\u00bb global_colors_info=\u00bb{}\u00bb][et_pb_column type=\u00bb1_2&#8243; _builder_version=\u00bb4.16&#8243; _module_preset=\u00bbdefault\u00bb global_colors_info=\u00bb{}\u00bb][et_pb_search exclude_pages=\u00bbon\u00bb placeholder=\u00bbBUSCAR EN EL BLOG\u00bb placeholder_color=\u00bb#4D4D4D\u00bb _builder_version=\u00bb4.16.1&#8243; _module_preset=\u00bbdefault\u00bb form_field_background_color=\u00bbRGBA(255,255,255,0)\u00bb button_font=\u00bbPoppins|||on|||||\u00bb button_font_size=\u00bb16px\u00bb form_field_font=\u00bbPoppins|500|||||||\u00bb width_tablet=\u00bb\u00bb width_phone=\u00bb87%\u00bb width_last_edited=\u00bbon|phone\u00bb max_width=\u00bb87%\u00bb module_alignment=\u00bbcenter\u00bb global_colors_info=\u00bb{}\u00bb][\/et_pb_search][\/et_pb_column][et_pb_column type=\u00bb1_2&#8243; _builder_version=\u00bb4.16&#8243; _module_preset=\u00bbdefault\u00bb global_colors_info=\u00bb{}\u00bb][\/et_pb_column][\/et_pb_row][\/et_pb_section][et_pb_section fb_built=\u00bb1&#8243; custom_padding_last_edited=\u00bbon|phone\u00bb _builder_version=\u00bb4.16.1&#8243; _module_preset=\u00bbdefault\u00bb custom_margin=\u00bb||||false|false\u00bb custom_margin_tablet=\u00bb||||false|false\u00bb custom_margin_phone=\u00bb|15px||15px|false|false\u00bb custom_margin_last_edited=\u00bbon|phone\u00bb custom_padding=\u00bb0px|||||\u00bb custom_padding_tablet=\u00bb29px|||||\u00bb custom_padding_phone=\u00bb0px||||false|false\u00bb collapsed=\u00bboff\u00bb global_colors_info=\u00bb{}\u00bb][et_pb_row _builder_version=\u00bb4.16&#8243; _module_preset=\u00bbdefault\u00bb width=\u00bb100%\u00bb max_width=\u00bb1310px\u00bb global_colors_info=\u00bb{}\u00bb][et_pb_column type=\u00bb4_4&#8243; _builder_version=\u00bb4.16&#8243; _module_preset=\u00bbdefault\u00bb global_colors_info=\u00bb{}\u00bb][et_pb_blog fullwidth=\u00bboff\u00bb posts_number=\u00bb9&#8243; use_manual_excerpt=\u00bboff\u00bb excerpt_length=\u00bb200&#8243; show_more=\u00bbon\u00bb show_author=\u00bboff\u00bb show_categories=\u00bboff\u00bb use_overlay=\u00bbon\u00bb overlay_icon_color=\u00bb#ffffff\u00bb hover_overlay_color=\u00bbrgba(249,187,114,0.45)\u00bb hover_icon=\u00bb&#x3d;||divi||400&#8243; _builder_version=\u00bb4.25.2&#8243; _module_preset=\u00bbdefault\u00bb header_font=\u00bbPoppins|700|||||||\u00bb header_text_color=\u00bb#FF9900&#8243; body_font=\u00bbPoppins||||||||\u00bb meta_font=\u00bbPoppins|600||on|||||\u00bb meta_text_color=\u00bb#FF9900&#8243; meta_font_size=\u00bb13px\u00bb read_more_font=\u00bb|600||on|||||\u00bb custom_margin_tablet=\u00bb\u00bb custom_margin_phone=\u00bb\u00bb custom_margin_last_edited=\u00bbon|phone\u00bb custom_padding_tablet=\u00bb\u00bb custom_padding_phone=\u00bb\u00bb custom_padding_last_edited=\u00bbon|phone\u00bb border_radii=\u00bbon|10px|10px|10px|10px\u00bb border_width_all=\u00bb0px\u00bb box_shadow_style=\u00bbpreset2&#8243; box_shadow_horizontal=\u00bb15px\u00bb box_shadow_vertical=\u00bb16px\u00bb box_shadow_blur=\u00bb45px\u00bb box_shadow_spread=\u00bb-34px\u00bb global_colors_info=\u00bb{}\u00bb][\/et_pb_blog][\/et_pb_column][\/et_pb_row][\/et_pb_section][et_pb_section fb_built=\u00bb1&#8243; admin_label=\u00bbSubscribe\u00bb _builder_version=\u00bb4.24.2&#8243; _module_preset=\u00bbdefault\u00bb background_enable_color=\u00bboff\u00bb use_background_color_gradient=\u00bbon\u00bb background_color_gradient_direction=\u00bb85deg\u00bb background_color_gradient_stops=\u00bbrgba(249,170,79,0.12) 0%|#fedaa2 100%\u00bb background_color_gradient_overlays_image=\u00bbon\u00bb background_image=\u00bbhttps:\/\/theaicontentfactory.com\/wp-content\/uploads\/2024\/03\/portada-ebook2.jpg\u00bb custom_padding=\u00bb0vw||0vw||true|false\u00bb collapsed=\u00bbon\u00bb global_colors_info=\u00bb{}\u00bb][et_pb_row _builder_version=\u00bb4.22.0&#8243; _module_preset=\u00bbdefault\u00bb max_width=\u00bb800px\u00bb global_colors_info=\u00bb{}\u00bb][et_pb_column type=\u00bb4_4&#8243; _builder_version=\u00bb4.22.0&#8243; _module_preset=\u00bbdefault\u00bb global_colors_info=\u00bb{}\u00bb][et_pb_text _builder_version=\u00bb4.24.2&#8243; _module_preset=\u00bb0b8a01b6-f62f-44b5-8363-dc4b357c6616&#8243; header_text_color=\u00bb#0F736F\u00bb header_2_text_color=\u00bb#0F736F\u00bb text_orientation=\u00bbcenter\u00bb custom_margin=\u00bb||1px||false|false\u00bb global_colors_info=\u00bb{}\u00bb]<\/p>\n<h2>Suscr\u00edbete a nuestra newsletter y descarga el ebook<\/h2>\n<p>[\/et_pb_text][et_pb_text _builder_version=\u00bb4.24.2&#8243; _module_preset=\u00bb0b8a01b6-f62f-44b5-8363-dc4b357c6616&#8243; header_text_color=\u00bb#0F736F\u00bb header_2_text_color=\u00bb#575756&#8243; header_2_font_size=\u00bb38px\u00bb text_orientation=\u00bbcenter\u00bb custom_margin=\u00bb||10px||false|false\u00bb global_colors_info=\u00bb{}\u00bb]<\/p>\n<h2><em>C\u00f3mo crear una estrategia de contenidos<\/em><\/h2>\n<p>[\/et_pb_text][et_pb_text _builder_version=\u00bb4.24.0&#8243; _module_preset=\u00bbf5c4277f-5b55-4352-83a7-e4a863b4ad81&#8243; text_orientation=\u00bbcenter\u00bb custom_margin=\u00bb||0px|||\u00bb global_colors_info=\u00bb{}\u00bb]<\/p>\n<p>Sin spam, ni rollos. Solo info de calidad, trucos, v\u00eddeos, consejos y valor directo a tu correo.<\/p>\n<p>[\/et_pb_text][et_pb_text _builder_version=\u00bb4.24.2&#8243; _module_preset=\u00bbdefault\u00bb custom_padding=\u00bb0px|||||\u00bb global_colors_info=\u00bb{}\u00bb]<\/p>\n<script>(function() {\n\twindow.mc4wp = window.mc4wp || {\n\t\tlisteners: [],\n\t\tforms: {\n\t\t\ton: function(evt, cb) {\n\t\t\t\twindow.mc4wp.listeners.push(\n\t\t\t\t\t{\n\t\t\t\t\t\tevent   : evt,\n\t\t\t\t\t\tcallback: cb\n\t\t\t\t\t}\n\t\t\t\t);\n\t\t\t}\n\t\t}\n\t}\n})();\n<\/script><!-- Mailchimp for WordPress v4.12.0 - https:\/\/wordpress.org\/plugins\/mailchimp-for-wp\/ --><form id=\"mc4wp-form-1\" class=\"mc4wp-form mc4wp-form-919 mc4wp-form-basic mc4wp-ajax\" method=\"post\" data-id=\"919\" data-name=\"Newsletter - Ebook ES\" ><div class=\"mc4wp-form-fields\"><p>\r\n    <input type=\"text\" name=\"FNAME\" placeholder=\"Nombre\" required=\"\">\r\n<\/p>\r\n<p>\r\n\t<input type=\"email\" name=\"EMAIL\" placeholder=\"Correo electr\u00f3nico\" required \/>\r\n<\/p>\r\n\r\n<label>\r\n    <input type=\"checkbox\" name=\"AGREE_TO_TERMS\" value=\"1\" required=\"\"> <a href=\"https:\/\/theaicontentfactory.com\/es\/politica-privacidad\/\" target=\"_blank\">He le\u00eddo y acepto los t\u00e9rminos y condiciones<\/a>\r\n<\/label>\r\n\r\n<p>\r\n\t<input type=\"submit\" value=\"Quiero el ebook\" \/>\r\n<\/p>\r\n<\/div><label style=\"display: none !important;\">Deja vac\u00edo este campo si eres humano: <input type=\"text\" name=\"_mc4wp_honeypot\" value=\"\" tabindex=\"-1\" autocomplete=\"off\" \/><\/label><input type=\"hidden\" name=\"_mc4wp_timestamp\" value=\"1777994481\" \/><input type=\"hidden\" name=\"_mc4wp_form_id\" value=\"919\" \/><input type=\"hidden\" name=\"_mc4wp_form_element_id\" value=\"mc4wp-form-1\" \/><div class=\"mc4wp-response\"><\/div><\/form><!-- \/ Mailchimp for WordPress Plugin -->\n<p>[\/et_pb_text][\/et_pb_column][\/et_pb_row][\/et_pb_section]<\/p>\n","protected":false},"excerpt":{"rendered":"<p>BLOG DE MARKETING DE CONTENIDOSUn blog de contenido, sin m\u00e1s.Suscr\u00edbete a nuestra newsletter y descarga el ebookC\u00f3mo crear una estrategia de contenidosSin spam, ni rollos. Solo info de calidad, trucos, v\u00eddeos, consejos y valor directo a tu correo.<script>(function() {\n\twindow.mc4wp = window.mc4wp || {\n\t\tlisteners: [],\n\t\tforms: {\n\t\t\ton: function(evt, cb) {\n\t\t\t\twindow.mc4wp.listeners.push(\n\t\t\t\t\t{\n\t\t\t\t\t\tevent   : evt,\n\t\t\t\t\t\tcallback: cb\n\t\t\t\t\t}\n\t\t\t\t);\n\t\t\t}\n\t\t}\n\t}\n})();\n<\/script><!-- Mailchimp for WordPress v4.12.0 - https:\/\/wordpress.org\/plugins\/mailchimp-for-wp\/ --><form id=\"mc4wp-form-2\" class=\"mc4wp-form mc4wp-form-919 mc4wp-form-basic mc4wp-ajax\" method=\"post\" data-id=\"919\" data-name=\"Newsletter - Ebook ES\" ><div class=\"mc4wp-form-fields\"><p>\r\n    <input type=\"text\" name=\"FNAME\" placeholder=\"Nombre\" required=\"\">\r\n<\/p>\r\n<p>\r\n\t<input type=\"email\" name=\"EMAIL\" placeholder=\"Correo electr\u00f3nico\" required \/>\r\n<\/p>\r\n\r\n<label>\r\n    <input type=\"checkbox\" name=\"AGREE_TO_TERMS\" value=\"1\" required=\"\"> <a href=\"https:\/\/theaicontentfactory.com\/es\/politica-privacidad\/\" target=\"_blank\">He le\u00eddo y acepto los t\u00e9rminos y condiciones<\/a>\r\n<\/label>\r\n\r\n<p>\r\n\t<input type=\"submit\" value=\"Quiero el ebook\" \/>\r\n<\/p>\r\n<\/div><label style=\"display: none !important;\">Deja vac\u00edo este campo si eres humano: <input type=\"text\" name=\"_mc4wp_honeypot\" value=\"\" tabindex=\"-1\" autocomplete=\"off\" \/><\/label><input type=\"hidden\" name=\"_mc4wp_timestamp\" value=\"1777994481\" \/><input type=\"hidden\" name=\"_mc4wp_form_id\" value=\"919\" \/><input type=\"hidden\" name=\"_mc4wp_form_element_id\" value=\"mc4wp-form-2\" \/><div class=\"mc4wp-response\"><\/div><\/form><!-- \/ Mailchimp for WordPress Plugin --><\/p>\n","protected":false},"author":1,"featured_media":3364,"parent":0,"menu_order":0,"comment_status":"closed","ping_status":"closed","template":"","meta":{"_et_pb_use_builder":"on","_et_pb_old_content":"<!-- wp:divi\/placeholder \/-->","_et_gb_content_width":"","footnotes":""},"class_list":["post-83","page","type-page","status-publish","has-post-thumbnail","hentry"],"_links":{"self":[{"href":"https:\/\/theaicontentfactory.com\/es\/wp-json\/wp\/v2\/pages\/83","targetHints":{"allow":["GET"]}}],"collection":[{"href":"https:\/\/theaicontentfactory.com\/es\/wp-json\/wp\/v2\/pages"}],"about":[{"href":"https:\/\/theaicontentfactory.com\/es\/wp-json\/wp\/v2\/types\/page"}],"author":[{"embeddable":true,"href":"https:\/\/theaicontentfactory.com\/es\/wp-json\/wp\/v2\/users\/1"}],"replies":[{"embeddable":true,"href":"https:\/\/theaicontentfactory.com\/es\/wp-json\/wp\/v2\/comments?post=83"}],"version-history":[{"count":29,"href":"https:\/\/theaicontentfactory.com\/es\/wp-json\/wp\/v2\/pages\/83\/revisions"}],"predecessor-version":[{"id":3370,"href":"https:\/\/theaicontentfactory.com\/es\/wp-json\/wp\/v2\/pages\/83\/revisions\/3370"}],"wp:featuredmedia":[{"embeddable":true,"href":"https:\/\/theaicontentfactory.com\/es\/wp-json\/wp\/v2\/media\/3364"}],"wp:attachment":[{"href":"https:\/\/theaicontentfactory.com\/es\/wp-json\/wp\/v2\/media?parent=83"}],"curies":[{"name":"wp","href":"https:\/\/api.w.org\/{rel}","templated":true}]}}