{"id":568,"date":"2024-02-14T17:32:52","date_gmt":"2024-02-14T16:32:52","guid":{"rendered":"https:\/\/theaicontentfactory.com\/?page_id=568"},"modified":"2024-07-08T13:56:05","modified_gmt":"2024-07-08T11:56:05","slug":"sobre-nosotros","status":"publish","type":"page","link":"https:\/\/theaicontentfactory.com\/es\/sobre-nosotros\/","title":{"rendered":"SOBRE NOSOTROS"},"content":{"rendered":"<p>[et_pb_section fb_built=\u00bb1&#8243; admin_label=\u00bbHeader &#038; Video\u00bb _builder_version=\u00bb4.24.0&#8243; _module_preset=\u00bbdefault\u00bb background_color=\u00bbgcid-3cfc8c0c-5557-4a5d-9dab-24e78d615311&#8243; use_background_color_gradient=\u00bbon\u00bb background_color_gradient_stops=\u00bbgcid-3cfc8c0c-5557-4a5d-9dab-24e78d615311 75%|#f49e6c 75%\u00bb collapsed=\u00bbon\u00bb global_colors_info=\u00bb{%22gcid-3cfc8c0c-5557-4a5d-9dab-24e78d615311%22:%91%22background_color%22%93}\u00bb][et_pb_row column_structure=\u00bb3_4,1_4&#8243; _builder_version=\u00bb4.22.0&#8243; _module_preset=\u00bbdefault\u00bb custom_padding=\u00bb||56px|||\u00bb global_colors_info=\u00bb{}\u00bb][et_pb_column type=\u00bb3_4&#8243; _builder_version=\u00bb4.22.0&#8243; _module_preset=\u00bbdefault\u00bb global_colors_info=\u00bb{}\u00bb][et_pb_text _builder_version=\u00bb4.22.0&#8243; _module_preset=\u00bb7d93f455-0214-4590-8c01-11643411f43e\u00bb custom_margin=\u00bb||10px||false|false\u00bb global_colors_info=\u00bb{}\u00bb]<\/p>\n<h1>Sobre nosotros<\/h1>\n<p>[\/et_pb_text][et_pb_text _builder_version=\u00bb4.24.0&#8243; _module_preset=\u00bb70102f49-6881-4589-9b1a-500c063d39a1&#8243; global_colors_info=\u00bb{}\u00bb]<\/p>\n<h3><span>The Content Factory es m\u00e1s que una agencia, es un equipo de profesionales comprometidos que buscan la excelencia.<\/span><\/h3>\n<p>[\/et_pb_text][\/et_pb_column][et_pb_column type=\u00bb1_4&#8243; _builder_version=\u00bb4.22.0&#8243; _module_preset=\u00bbdefault\u00bb global_colors_info=\u00bb{}\u00bb][\/et_pb_column][\/et_pb_row][\/et_pb_section][et_pb_section fb_built=\u00bb1&#8243; admin_label=\u00bbServices\u00bb _builder_version=\u00bb4.24.0&#8243; _module_preset=\u00bbdefault\u00bb background_color=\u00bb#F49E6C\u00bb custom_padding=\u00bb0px|||||\u00bb collapsed=\u00bbon\u00bb global_colors_info=\u00bb{}\u00bb][et_pb_row _builder_version=\u00bb4.21.0&#8243; _module_preset=\u00bbdefault\u00bb global_colors_info=\u00bb{}\u00bb][et_pb_column type=\u00bb4_4&#8243; _builder_version=\u00bb4.21.0&#8243; _module_preset=\u00bbdefault\u00bb global_colors_info=\u00bb{}\u00bb][et_pb_text _builder_version=\u00bb4.24.0&#8243; _module_preset=\u00bbdd9aabb5-ff8c-43a3-9ea6-10baf1dcc106&#8243; header_4_text_color=\u00bb#0F736F\u00bb global_colors_info=\u00bb{}\u00bb]<\/p>\n<h4>The Content Factory<\/h4>\n<p>[\/et_pb_text][et_pb_text _builder_version=\u00bb4.24.0&#8243; _module_preset=\u00bb8d9cba95-f149-45c8-b3ac-c2e21354ef95&#8243; header_2_text_color=\u00bb#fffcfc\u00bb max_width=\u00bb800px\u00bb global_colors_info=\u00bb{}\u00bb]<\/p>\n<h2>Los principios que nos impulsan<\/h2>\n<p>[\/et_pb_text][\/et_pb_column][\/et_pb_row][et_pb_row column_structure=\u00bb1_3,1_3,1_3&#8243; _builder_version=\u00bb4.22.0&#8243; _module_preset=\u00bbdefault\u00bb global_colors_info=\u00bb{}\u00bb][et_pb_column type=\u00bb1_3&#8243; _builder_version=\u00bb4.22.0&#8243; _module_preset=\u00bbdefault\u00bb overflow-x=\u00bbvisible\u00bb overflow-y=\u00bbvisible\u00bb global_colors_info=\u00bb{}\u00bb][et_pb_image src=\u00bbhttps:\/\/theaicontentfactory.com\/wp-content\/uploads\/2024\/02\/circulos.png\u00bb title_text=\u00bbcirculos\u00bb _builder_version=\u00bb4.24.0&#8243; _module_preset=\u00bbdefault\u00bb max_width=\u00bb100px\u00bb max_height=\u00bb48px\u00bb global_colors_info=\u00bb{}\u00bb][\/et_pb_image][et_pb_text _builder_version=\u00bb4.24.0&#8243; _module_preset=\u00bb174ad902-3041-44b6-9fc2-56c9c76b13a1&#8243; header_5_font=\u00bbWork Sans|700|||||||\u00bb header_5_text_color=\u00bb#ffffff\u00bb header_5_font_size=\u00bb22px\u00bb custom_margin=\u00bb||10px||false|false\u00bb global_colors_info=\u00bb{}\u00bb]<\/p>\n<h5>Integridad<\/h5>\n<p>[\/et_pb_text][et_pb_text _builder_version=\u00bb4.24.0&#8243; _module_preset=\u00bb73bdf25b-6049-404e-aa49-3cfb2e6c6dff\u00bb text_text_color=\u00bb#ffffff\u00bb text_font_size=\u00bb16px\u00bb global_colors_info=\u00bb{}\u00bb]<\/p>\n<p>No queremos dinero r\u00e1pido. Nuestro objetivo es construir un legado de integridad, honestidad y transparencia.<\/p>\n<p>[\/et_pb_text][\/et_pb_column][et_pb_column type=\u00bb1_3&#8243; _builder_version=\u00bb4.22.0&#8243; _module_preset=\u00bbdefault\u00bb overflow-x=\u00bbvisible\u00bb overflow-y=\u00bbvisible\u00bb global_colors_info=\u00bb{}\u00bb][et_pb_image src=\u00bbhttps:\/\/theaicontentfactory.com\/wp-content\/uploads\/2024\/02\/triangulos.png\u00bb title_text=\u00bbtriangulos\u00bb _builder_version=\u00bb4.24.0&#8243; _module_preset=\u00bbdefault\u00bb max_width=\u00bb100px\u00bb max_height=\u00bb48px\u00bb locked=\u00bboff\u00bb global_colors_info=\u00bb{}\u00bb][\/et_pb_image][et_pb_text _builder_version=\u00bb4.24.0&#8243; _module_preset=\u00bb174ad902-3041-44b6-9fc2-56c9c76b13a1&#8243; header_5_font=\u00bbWork Sans|700|||||||\u00bb header_5_text_color=\u00bb#ffffff\u00bb header_5_font_size=\u00bb22px\u00bb custom_margin=\u00bb||10px||false|false\u00bb global_colors_info=\u00bb{}\u00bb]<\/p>\n<h5>Servicio<\/h5>\n<p>[\/et_pb_text][et_pb_text _builder_version=\u00bb4.24.0&#8243; _module_preset=\u00bb73bdf25b-6049-404e-aa49-3cfb2e6c6dff\u00bb text_text_color=\u00bb#ffffff\u00bb text_font_size=\u00bb16px\u00bb global_colors_info=\u00bb{}\u00bb]<\/p>\n<p>The Content Factory est\u00e1 formado por personas que ayudan. Nuestra vocaci\u00f3n de servicio forma parte de nuestra esencia.<\/p>\n<p>[\/et_pb_text][\/et_pb_column][et_pb_column type=\u00bb1_3&#8243; _builder_version=\u00bb4.22.0&#8243; _module_preset=\u00bbdefault\u00bb overflow-x=\u00bbvisible\u00bb overflow-y=\u00bbvisible\u00bb global_colors_info=\u00bb{}\u00bb][et_pb_image src=\u00bbhttps:\/\/theaicontentfactory.com\/wp-content\/uploads\/2024\/02\/formas.png\u00bb title_text=\u00bbformas\u00bb _builder_version=\u00bb4.24.0&#8243; _module_preset=\u00bbdefault\u00bb max_width=\u00bb100px\u00bb max_height=\u00bb48px\u00bb locked=\u00bboff\u00bb global_colors_info=\u00bb{}\u00bb][\/et_pb_image][et_pb_text _builder_version=\u00bb4.24.0&#8243; _module_preset=\u00bb174ad902-3041-44b6-9fc2-56c9c76b13a1&#8243; header_5_font=\u00bbWork Sans|700|||||||\u00bb header_5_text_color=\u00bb#ffffff\u00bb header_5_font_size=\u00bb22px\u00bb custom_margin=\u00bb||10px||false|false\u00bb global_colors_info=\u00bb{}\u00bb]<\/p>\n<h5>Futuro<\/h5>\n<p>[\/et_pb_text][et_pb_text _builder_version=\u00bb4.24.0&#8243; _module_preset=\u00bb73bdf25b-6049-404e-aa49-3cfb2e6c6dff\u00bb text_text_color=\u00bb#ffffff\u00bb text_font_size=\u00bb16px\u00bb global_colors_info=\u00bb{}\u00bb]<\/p>\n<p>Queremos que nuestro trabajo deje huella en la sociedad, dejando el mundo un poquito mejor de como nos lo encontramos.<\/p>\n<p>[\/et_pb_text][\/et_pb_column][\/et_pb_row][\/et_pb_section][et_pb_section fb_built=\u00bb1&#8243; admin_label=\u00bbTeam\u00bb _builder_version=\u00bb4.22.0&#8243; _module_preset=\u00bbdefault\u00bb background_color=\u00bbgcid-3cfc8c0c-5557-4a5d-9dab-24e78d615311&#8243; custom_padding=\u00bb||3px|||\u00bb locked=\u00bboff\u00bb collapsed=\u00bboff\u00bb global_colors_info=\u00bb{%22gcid-3cfc8c0c-5557-4a5d-9dab-24e78d615311%22:%91%22background_color%22%93}\u00bb][et_pb_row _builder_version=\u00bb4.22.0&#8243; _module_preset=\u00bbdefault\u00bb global_colors_info=\u00bb{}\u00bb][et_pb_column type=\u00bb4_4&#8243; _builder_version=\u00bb4.22.0&#8243; _module_preset=\u00bbdefault\u00bb global_colors_info=\u00bb{}\u00bb][et_pb_text _builder_version=\u00bb4.24.0&#8243; _module_preset=\u00bbdd9aabb5-ff8c-43a3-9ea6-10baf1dcc106&#8243; header_4_text_color=\u00bb#0F736F\u00bb global_colors_info=\u00bb{}\u00bb]<\/p>\n<h4>Nuestro equipo<\/h4>\n<p>[\/et_pb_text][et_pb_text _builder_version=\u00bb4.24.0&#8243; _module_preset=\u00bb8d9cba95-f149-45c8-b3ac-c2e21354ef95&#8243; max_width=\u00bb800px\u00bb global_colors_info=\u00bb{}\u00bb]<\/p>\n<h2>Nuestro equipo est\u00e1 aqu\u00ed para ayudarte<\/h2>\n<p>[\/et_pb_text][\/et_pb_column][\/et_pb_row][et_pb_row column_structure=\u00bb1_5,1_5,1_5,1_5,1_5&#8243; _builder_version=\u00bb4.22.0&#8243; _module_preset=\u00bbdefault\u00bb global_colors_info=\u00bb{}\u00bb][et_pb_column type=\u00bb1_5&#8243; _builder_version=\u00bb4.22.0&#8243; _module_preset=\u00bbdefault\u00bb global_colors_info=\u00bb{}\u00bb][et_pb_image src=\u00bbhttps:\/\/theaicontentfactory.com\/wp-content\/uploads\/2024\/02\/circulo-verde.png\u00bb title_text=\u00bbcirculo-verde\u00bb _builder_version=\u00bb4.24.0&#8243; _module_preset=\u00bbdefault\u00bb width=\u00bb80%\u00bb custom_margin=\u00bb||-60%||false|false\u00bb global_colors_info=\u00bb{}\u00bb][\/et_pb_image][et_pb_image src=\u00bbhttps:\/\/theaicontentfactory.com\/wp-content\/uploads\/2024\/03\/carmen-2024-color.jpg\u00bb title_text=\u00bbcarmen-2024-color\u00bb _builder_version=\u00bb4.24.0&#8243; _module_preset=\u00bbdefault\u00bb width=\u00bb80%\u00bb module_alignment=\u00bbright\u00bb border_radii=\u00bbon|500px|500px|500px|500px\u00bb global_colors_info=\u00bb{}\u00bb][\/et_pb_image][et_pb_text _builder_version=\u00bb4.24.0&#8243; _module_preset=\u00bb174ad902-3041-44b6-9fc2-56c9c76b13a1&#8243; text_orientation=\u00bbcenter\u00bb custom_margin=\u00bb||0px||false|false\u00bb global_colors_info=\u00bb{}\u00bb]<\/p>\n<h5>Carmen D\u00edaz Soloaga<\/h5>\n<p>[\/et_pb_text][et_pb_text _builder_version=\u00bb4.24.0&#8243; _module_preset=\u00bb73bdf25b-6049-404e-aa49-3cfb2e6c6dff\u00bb text_orientation=\u00bbcenter\u00bb global_colors_info=\u00bb{}\u00bb]<\/p>\n<p>CEO<\/p>\n<p>[\/et_pb_text][\/et_pb_column][et_pb_column type=\u00bb1_5&#8243; _builder_version=\u00bb4.22.0&#8243; _module_preset=\u00bbdefault\u00bb global_colors_info=\u00bb{}\u00bb][et_pb_image src=\u00bbhttps:\/\/theaicontentfactory.com\/wp-content\/uploads\/2024\/02\/forma-naranja.png\u00bb title_text=\u00bbforma-naranja\u00bb _builder_version=\u00bb4.24.0&#8243; _module_preset=\u00bbdefault\u00bb width=\u00bb80%\u00bb custom_margin=\u00bb||-60%||false|false\u00bb global_colors_info=\u00bb{}\u00bb][\/et_pb_image][et_pb_image src=\u00bbhttps:\/\/theaicontentfactory.com\/wp-content\/uploads\/2024\/03\/jessica-new.jpg\u00bb title_text=\u00bbjessica-new\u00bb _builder_version=\u00bb4.24.0&#8243; _module_preset=\u00bbdefault\u00bb width=\u00bb80%\u00bb module_alignment=\u00bbright\u00bb border_radii=\u00bbon|500px|500px|500px|500px\u00bb global_colors_info=\u00bb{}\u00bb][\/et_pb_image][et_pb_text _builder_version=\u00bb4.24.0&#8243; _module_preset=\u00bb174ad902-3041-44b6-9fc2-56c9c76b13a1&#8243; text_orientation=\u00bbcenter\u00bb custom_margin=\u00bb||0px||false|false\u00bb global_colors_info=\u00bb{}\u00bb]<\/p>\n<h5>Jessica M\u00e9ndez<\/h5>\n<p>[\/et_pb_text][et_pb_text _builder_version=\u00bb4.24.0&#8243; _module_preset=\u00bb73bdf25b-6049-404e-aa49-3cfb2e6c6dff\u00bb text_orientation=\u00bbcenter\u00bb global_colors_info=\u00bb{}\u00bb]<\/p>\n<p>Gestora de cuentas<\/p>\n<p>[\/et_pb_text][\/et_pb_column][et_pb_column type=\u00bb1_5&#8243; _builder_version=\u00bb4.22.0&#8243; _module_preset=\u00bbdefault\u00bb global_colors_info=\u00bb{}\u00bb][et_pb_image src=\u00bbhttps:\/\/theaicontentfactory.com\/wp-content\/uploads\/2024\/02\/forma-amarillo.png\u00bb title_text=\u00bbforma-amarillo\u00bb _builder_version=\u00bb4.24.0&#8243; _module_preset=\u00bbdefault\u00bb width=\u00bb80%\u00bb custom_margin=\u00bb||-60%||false|false\u00bb global_colors_info=\u00bb{}\u00bb][\/et_pb_image][et_pb_image src=\u00bbhttps:\/\/theaicontentfactory.com\/wp-content\/uploads\/2024\/03\/itziar.jpg\u00bb title_text=\u00bbitziar\u00bb _builder_version=\u00bb4.24.0&#8243; _module_preset=\u00bbdefault\u00bb width=\u00bb80%\u00bb module_alignment=\u00bbright\u00bb border_radii=\u00bbon|500px|500px|500px|500px\u00bb global_colors_info=\u00bb{}\u00bb][\/et_pb_image][et_pb_text _builder_version=\u00bb4.24.0&#8243; _module_preset=\u00bb174ad902-3041-44b6-9fc2-56c9c76b13a1&#8243; text_orientation=\u00bbcenter\u00bb custom_margin=\u00bb||0px||false|false\u00bb global_colors_info=\u00bb{}\u00bb]<\/p>\n<h5>Itziar Mart\u00ednez-Bermejo<\/h5>\n<p>[\/et_pb_text][et_pb_text _builder_version=\u00bb4.24.0&#8243; _module_preset=\u00bb73bdf25b-6049-404e-aa49-3cfb2e6c6dff\u00bb text_orientation=\u00bbcenter\u00bb global_colors_info=\u00bb{}\u00bb]<\/p>\n<p>Redactora creativa<\/p>\n<p>[\/et_pb_text][\/et_pb_column][et_pb_column type=\u00bb1_5&#8243; _builder_version=\u00bb4.22.0&#8243; _module_preset=\u00bbdefault\u00bb global_colors_info=\u00bb{}\u00bb][et_pb_image src=\u00bbhttps:\/\/theaicontentfactory.com\/wp-content\/uploads\/2024\/02\/forma-naranjas.png\u00bb title_text=\u00bbforma-naranjas\u00bb _builder_version=\u00bb4.24.0&#8243; _module_preset=\u00bbdefault\u00bb width=\u00bb80%\u00bb custom_margin=\u00bb||-60%||false|false\u00bb global_colors_info=\u00bb{}\u00bb][\/et_pb_image][et_pb_image src=\u00bbhttps:\/\/theaicontentfactory.com\/wp-content\/uploads\/2024\/03\/marina-color.jpg\u00bb title_text=\u00bbmarina-color\u00bb _builder_version=\u00bb4.24.0&#8243; _module_preset=\u00bbdefault\u00bb width=\u00bb80%\u00bb module_alignment=\u00bbright\u00bb border_radii=\u00bbon|500px|500px|500px|500px\u00bb global_colors_info=\u00bb{}\u00bb][\/et_pb_image][et_pb_text _builder_version=\u00bb4.24.0&#8243; _module_preset=\u00bb174ad902-3041-44b6-9fc2-56c9c76b13a1&#8243; text_orientation=\u00bbcenter\u00bb custom_margin=\u00bb||0px||false|false\u00bb global_colors_info=\u00bb{}\u00bb]<\/p>\n<h5>Marina Narbais<\/h5>\n<p>[\/et_pb_text][et_pb_text _builder_version=\u00bb4.24.0&#8243; _module_preset=\u00bb73bdf25b-6049-404e-aa49-3cfb2e6c6dff\u00bb text_orientation=\u00bbcenter\u00bb global_colors_info=\u00bb{}\u00bb]<\/p>\n<p>Redactora creativa<\/p>\n<p>[\/et_pb_text][\/et_pb_column][et_pb_column type=\u00bb1_5&#8243; _builder_version=\u00bb4.22.0&#8243; _module_preset=\u00bbdefault\u00bb global_colors_info=\u00bb{}\u00bb][et_pb_image src=\u00bbhttps:\/\/theaicontentfactory.com\/wp-content\/uploads\/2024\/05\/green-circle.png\u00bb alt=\u00bbThis design features a beautiful decorative circle\u00bb title_text=\u00bbgreen-circle\u00bb _builder_version=\u00bb4.25.2&#8243; _module_preset=\u00bbdefault\u00bb width=\u00bb80%\u00bb custom_margin=\u00bb||-60%||false|false\u00bb global_colors_info=\u00bb{}\u00bb][\/et_pb_image][et_pb_image src=\u00bbhttps:\/\/theaicontentfactory.com\/wp-content\/uploads\/2024\/06\/aurora-diaz-soloaga-ok.png\u00bb title_text=\u00bbaurora-diaz-soloaga-ok\u00bb _builder_version=\u00bb4.25.2&#8243; _module_preset=\u00bbdefault\u00bb width=\u00bb80%\u00bb module_alignment=\u00bbright\u00bb border_radii=\u00bbon|500px|500px|500px|500px\u00bb global_colors_info=\u00bb{}\u00bb][\/et_pb_image][et_pb_text _builder_version=\u00bb4.25.2&#8243; _module_preset=\u00bb174ad902-3041-44b6-9fc2-56c9c76b13a1&#8243; text_orientation=\u00bbcenter\u00bb custom_margin=\u00bb||0px||false|false\u00bb global_colors_info=\u00bb{}\u00bb]<\/p>\n<h5>Aurora D\u00edaz Soloaga<\/h5>\n<p>[\/et_pb_text][et_pb_text _builder_version=\u00bb4.25.2&#8243; _module_preset=\u00bb73bdf25b-6049-404e-aa49-3cfb2e6c6dff\u00bb text_orientation=\u00bbcenter\u00bb global_colors_info=\u00bb{}\u00bb]<\/p>\n<p>Consultora estrat\u00e9gica<\/p>\n<p>[\/et_pb_text][\/et_pb_column][\/et_pb_row][\/et_pb_section][et_pb_section fb_built=\u00bb1&#8243; specialty=\u00bbon\u00bb admin_label=\u00bbFeatures\u00bb _builder_version=\u00bb4.24.0&#8243; _module_preset=\u00bbdefault\u00bb background_color=\u00bb#fff5ea\u00bb custom_padding=\u00bb39px|||||\u00bb collapsed=\u00bboff\u00bb global_colors_info=\u00bb{}\u00bb][et_pb_column type=\u00bb1_2&#8243; _builder_version=\u00bb4.16&#8243; _module_preset=\u00bbdefault\u00bb custom_padding=\u00bb|||\u00bb global_colors_info=\u00bb{}\u00bb custom_padding__hover=\u00bb|||\u00bb][et_pb_text _builder_version=\u00bb4.22.0&#8243; _module_preset=\u00bbd624d9f9-a413-48b6-bf42-61b8716556a5&#8243; global_colors_info=\u00bb{}\u00bb]<\/p>\n<h2>Contenidos pro bono para empresas que cambian cosas<\/h2>\n<p>[\/et_pb_text][\/et_pb_column][et_pb_column type=\u00bb1_2&#8243; specialty_columns=\u00bb2&#8243; _builder_version=\u00bb4.16&#8243; _module_preset=\u00bbdefault\u00bb custom_padding=\u00bb|||\u00bb global_colors_info=\u00bb{}\u00bb custom_padding__hover=\u00bb|||\u00bb][et_pb_row_inner _builder_version=\u00bb4.22.0&#8243; _module_preset=\u00bbdefault\u00bb global_colors_info=\u00bb{}\u00bb][et_pb_column_inner saved_specialty_column_type=\u00bb1_2&#8243; _builder_version=\u00bb4.22.0&#8243; _module_preset=\u00bbdefault\u00bb global_colors_info=\u00bb{}\u00bb][et_pb_text _builder_version=\u00bb4.24.0&#8243; _module_preset=\u00bb1fa5cef3-c806-4b0c-9481-e5d239ffd5cd\u00bb text_text_color=\u00bb#575756&#8243; global_colors_info=\u00bb{}\u00bb]<\/p>\n<p><span style=\"color: #0f736f;\"><strong><span style=\"text-decoration: underline;\">Nuestro compromiso con el cambio<\/span><\/strong><\/span> pasa por apoyar a empresas con los mismos objetivos. Por eso, The Content Factory cuenta con un programa pro bono para empresas que cambian cosas.<\/p>\n<p>[\/et_pb_text][\/et_pb_column_inner][\/et_pb_row_inner][et_pb_row_inner column_structure=\u00bb1_2,1_2&#8243; _builder_version=\u00bb4.22.0&#8243; _module_preset=\u00bbdefault\u00bb global_colors_info=\u00bb{}\u00bb][et_pb_column_inner type=\u00bb1_2&#8243; saved_specialty_column_type=\u00bb1_2&#8243; _builder_version=\u00bb4.22.0&#8243; _module_preset=\u00bbdefault\u00bb global_colors_info=\u00bb{}\u00bb][et_pb_image src=\u00bbhttps:\/\/theaicontentfactory.com\/wp-content\/uploads\/2024\/02\/circulos.png\u00bb title_text=\u00bbcirculos\u00bb _builder_version=\u00bb4.24.0&#8243; _module_preset=\u00bbdefault\u00bb max_width=\u00bb100px\u00bb max_height=\u00bb48px\u00bb global_colors_info=\u00bb{}\u00bb][\/et_pb_image][et_pb_text _builder_version=\u00bb4.24.0&#8243; _module_preset=\u00bbd37913de-96e0-4c06-ac26-b726faf8ee56&#8243; custom_margin=\u00bb||0px||false|false\u00bb global_colors_info=\u00bb{}\u00bb]<\/p>\n<h5>Si crees que nos necesitas<\/h5>\n<p>[\/et_pb_text][et_pb_text _builder_version=\u00bb4.24.0&#8243; _module_preset=\u00bbd44f5555-067a-4215-be05-25216bec7913&#8243; global_colors_info=\u00bb{}\u00bb]<\/p>\n<p>\u00a1Llama! O escr\u00edbenos a <a href=\"mailto:hola@theaicontentfactory.com\">hola@theaicontentfactory.com<\/a> y cu\u00e9ntanos por qu\u00e9 crees que deber\u00edamos considerar tu caso.<\/p>\n<p>[\/et_pb_text][\/et_pb_column_inner][et_pb_column_inner type=\u00bb1_2&#8243; saved_specialty_column_type=\u00bb1_2&#8243; _builder_version=\u00bb4.22.0&#8243; _module_preset=\u00bbdefault\u00bb global_colors_info=\u00bb{}\u00bb][et_pb_image src=\u00bbhttps:\/\/theaicontentfactory.com\/wp-content\/uploads\/2024\/02\/triangulos.png\u00bb title_text=\u00bbtriangulos\u00bb _builder_version=\u00bb4.24.0&#8243; _module_preset=\u00bbdefault\u00bb max_width=\u00bb100px\u00bb max_height=\u00bb48px\u00bb locked=\u00bboff\u00bb global_colors_info=\u00bb{}\u00bb][\/et_pb_image][et_pb_text _builder_version=\u00bb4.24.0&#8243; _module_preset=\u00bbd37913de-96e0-4c06-ac26-b726faf8ee56&#8243; custom_margin=\u00bb||0px||false|false\u00bb global_colors_info=\u00bb{}\u00bb]<\/p>\n<h5>Si te quieres unir<\/h5>\n<p>[\/et_pb_text][et_pb_text _builder_version=\u00bb4.24.0&#8243; _module_preset=\u00bbd44f5555-067a-4215-be05-25216bec7913&#8243; global_colors_info=\u00bb{}\u00bb]<\/p>\n<p>Si te gusta la idea y quieres sumarte, bienvenido a bordo. Cont\u00e1ctanos y a\u00f1adiremos tus conocimientos a nuestro cat\u00e1logo de servicios.<\/p>\n<p>[\/et_pb_text][\/et_pb_column_inner][\/et_pb_row_inner][\/et_pb_column][\/et_pb_section]<\/p>\n","protected":false},"excerpt":{"rendered":"<p>Sobre nosotrosThe Content Factory es m\u00e1s que una agencia, es un equipo de profesionales comprometidos que buscan la excelencia.The Content FactoryLos principios que nos impulsanIntegridadNo queremos dinero r\u00e1pido. Nuestro objetivo es construir un legado de integridad, honestidad y transparencia.ServicioThe Content Factory est\u00e1 formado por personas que ayudan. Nuestra vocaci\u00f3n de servicio forma parte de nuestra [&hellip;]<\/p>\n","protected":false},"author":1,"featured_media":0,"parent":0,"menu_order":0,"comment_status":"closed","ping_status":"closed","template":"","meta":{"_et_pb_use_builder":"on","_et_pb_old_content":"","_et_gb_content_width":"","footnotes":""},"class_list":["post-568","page","type-page","status-publish","hentry"],"_links":{"self":[{"href":"https:\/\/theaicontentfactory.com\/es\/wp-json\/wp\/v2\/pages\/568","targetHints":{"allow":["GET"]}}],"collection":[{"href":"https:\/\/theaicontentfactory.com\/es\/wp-json\/wp\/v2\/pages"}],"about":[{"href":"https:\/\/theaicontentfactory.com\/es\/wp-json\/wp\/v2\/types\/page"}],"author":[{"embeddable":true,"href":"https:\/\/theaicontentfactory.com\/es\/wp-json\/wp\/v2\/users\/1"}],"replies":[{"embeddable":true,"href":"https:\/\/theaicontentfactory.com\/es\/wp-json\/wp\/v2\/comments?post=568"}],"version-history":[{"count":27,"href":"https:\/\/theaicontentfactory.com\/es\/wp-json\/wp\/v2\/pages\/568\/revisions"}],"predecessor-version":[{"id":2882,"href":"https:\/\/theaicontentfactory.com\/es\/wp-json\/wp\/v2\/pages\/568\/revisions\/2882"}],"wp:attachment":[{"href":"https:\/\/theaicontentfactory.com\/es\/wp-json\/wp\/v2\/media?parent=568"}],"curies":[{"name":"wp","href":"https:\/\/api.w.org\/{rel}","templated":true}]}}