{"id":490,"date":"2024-02-12T19:00:56","date_gmt":"2024-02-12T18:00:56","guid":{"rendered":"https:\/\/theaicontentfactory.com\/?page_id=490"},"modified":"2024-06-13T18:44:13","modified_gmt":"2024-06-13T16:44:13","slug":"aviso-legal","status":"publish","type":"page","link":"https:\/\/theaicontentfactory.com\/es\/aviso-legal\/","title":{"rendered":"Aviso legal"},"content":{"rendered":"<p>[et_pb_section fb_built=\u00bb1&#8243; admin_label=\u00bbTeam\u00bb _builder_version=\u00bb4.22.0&#8243; _module_preset=\u00bbdefault\u00bb background_color=\u00bbgcid-3cfc8c0c-5557-4a5d-9dab-24e78d615311&#8243; custom_padding=\u00bb37px|||||\u00bb locked=\u00bboff\u00bb collapsed=\u00bboff\u00bb global_colors_info=\u00bb{%22gcid-3cfc8c0c-5557-4a5d-9dab-24e78d615311%22:%91%22background_color%22%93}\u00bb][et_pb_row _builder_version=\u00bb4.22.0&#8243; _module_preset=\u00bbdefault\u00bb global_colors_info=\u00bb{}\u00bb][et_pb_column type=\u00bb4_4&#8243; _builder_version=\u00bb4.22.0&#8243; _module_preset=\u00bbdefault\u00bb global_colors_info=\u00bb{}\u00bb][et_pb_text _builder_version=\u00bb4.22.0&#8243; _module_preset=\u00bbed552bd5-43ba-47d6-adf6-38025c709fde\u00bb max_width=\u00bb800px\u00bb global_colors_info=\u00bb{}\u00bb]<\/p>\n<h2>Aviso legal<\/h2>\n<p>[\/et_pb_text][\/et_pb_column][\/et_pb_row][et_pb_row _builder_version=\u00bb4.24.0&#8243; _module_preset=\u00bbdefault\u00bb custom_padding=\u00bb2px|||||\u00bb global_colors_info=\u00bb{}\u00bb][et_pb_column type=\u00bb4_4&#8243; _builder_version=\u00bb4.24.0&#8243; _module_preset=\u00bbdefault\u00bb global_colors_info=\u00bb{}\u00bb][et_pb_text _builder_version=\u00bb4.24.0&#8243; _module_preset=\u00bbdefault\u00bb text_font=\u00bbWork Sans||||||||\u00bb header_2_font=\u00bbWork Sans||||||||\u00bb header_2_text_color=\u00bb#0F736F\u00bb header_2_line_height=\u00bb1.5em\u00bb header_3_font=\u00bbWork Sans||||||||\u00bb header_3_text_color=\u00bb#0F736F\u00bb header_4_font=\u00bbWork Sans||||||||\u00bb header_4_text_color=\u00bb#F49E6C\u00bb global_colors_info=\u00bb{}\u00bb]<\/p>\n<p>Bienvenido a la web de The Content Factory.\u00a0<\/p>\n<p>Por favor, lee atentamente la informaci\u00f3n contenida en este Aviso Legal antes de comenzar a navegar por la web.<\/p>\n<p>Mediante el uso de este sitio, aceptas el presente Aviso Legal.<\/p>\n<p>Para cualquier petici\u00f3n o consulta relacionada con el uso de esta web puedes ponerte en contacto conmigo en la direcci\u00f3n hola@theaicontentfactory.com<\/p>\n<p>En cumplimiento del art\u00edculo 10 de la Ley 34\/2002, del 11 de julio de 2002, de Servicios de la Sociedad de la Informaci\u00f3n y Comercio Electr\u00f3nico, a continuaci\u00f3n se exponen los datos identificativos del responsable:<\/p>\n<p>&#8211; <strong>Responsable<\/strong>: Carmen D\u00edaz Soloaga<\/p>\n<p>&#8211;<strong> Nombre comercial<\/strong>: The Content Factory<\/p>\n<p><strong>&#8211; NIF\/CIF<\/strong>: 53105016V<\/p>\n<p><strong>&#8211; Direcci\u00f3n<\/strong>: c\/ Frigiliana, 2. Portal A. 3\u00ba B. 28045. Madrid.<\/p>\n<p><strong>&#8211; Correo electr\u00f3nico<\/strong>: hola@theaicontentfactory.com<\/p>\n<h2><strong>Acceso a la web<\/strong><\/h2>\n<p>Para acceder a esta web y poder usarla necesitas ser mayor de catorce (14) a\u00f1os.<\/p>\n<p>Los cargos adicionales por acceso y uso de internet son por tu cuenta.<\/p>\n<h2><strong>Compromisos y obligaciones de los usuarios<\/strong><\/h2>\n<p>Queda prohibido el uso de la presente web con fines il\u00edcitos o lesivos o que de cualquier forma puedan causar un perjuicio al resto de los usuarios o impedir el normal funcionamiento de la web.<\/p>\n<p>Queda, as\u00ed mismo prohibido, la reproducci\u00f3n, distribuci\u00f3n o modificaci\u00f3n, total o parcial del contenido de la web, incluidos textos, im\u00e1genes, gr\u00e1ficos, estructura, ilustraciones y conceptos sin la expresa autorizaci\u00f3n de Carmen D\u00edaz Soloaga como leg\u00edtimo titular.<\/p>\n<p>Tambi\u00e9n queda prohibida la utilizaci\u00f3n de la presente web con fines publicitarios o comerciales.<\/p>\n<p>Al utilizar esta web, el usuario se compromete a no realizar ninguna acci\u00f3n que da\u00f1e la imagen, los intereses y los derechos de The Content Factory\u00a0o de terceros, as\u00ed como realizar acciones t\u00e9cnicas que impidan el normal funcionamiento de la web.<\/p>\n<p>Aunque The Content Factory ha puesto en funcionamiento todas las medidas t\u00e9cnicas necesarias para garantizar la seguridad del usuario (como el certificado de seguridad HTTPS), este debe ser consciente de que The Content Factory no puede garantizar la inexistencia del malware que pueda da\u00f1ar o alterar los sistemas inform\u00e1ticos, documentos y ficheros del usuario, tanto de software como de hardware debido a que los sistemas inform\u00e1ticos de internet no son enteramente seguros. The Content Factory ha extremado las medidas de seguridad necesarias para evitar la existencia de dichos elementos.<\/p>\n<h2><strong>Propiedad intelectual<\/strong><\/h2>\n<p>El desarrollo de esta web es fruto un gran esfuerzo personal.<\/p>\n<p>Por eso, todos y cada uno de los elementos que la conforman gozan de la protecci\u00f3n ofrecida por los derechos de propiedad intelectual.<\/p>\n<p>En virtud de lo dispuesto en los art\u00edculos 8 y 32.1, p\u00e1rrafo segundo, de la Ley de Propiedad Intelectual, quedan expresamente prohibidas la reproducci\u00f3n, la distribuci\u00f3n y la comunicaci\u00f3n p\u00fablica, incluida su modalidad de puesta a disposici\u00f3n, de la totalidad o parte de los contenidos de esta p\u00e1gina web, con fines comerciales, en cualquier soporte y por cualquier medio t\u00e9cnico, sin la autorizaci\u00f3n expresa de su responsable, Carmen D\u00edaz Soloaga.<\/p>\n<p>El usuario se compromete a respetar estos t\u00e9rminos de propiedad intelectual e industrial cuya titularidad ostenta Carmen D\u00edaz Soloaga.<\/p>\n<p>A trav\u00e9s de esta web pongo a disposici\u00f3n del usuario contenidos que est\u00e1 autorizado a descargar (en lo sucesivo el \u00abContenido Descargable\u00bb).<\/p>\n<p>Concedo, \u00fanicamente para uso personal y privado y sin coste el\u00a0derecho no exclusivo e intransferible de uso del contenido descargable. Es decir, solo podr\u00e1s hacer uso de este contenido para uso privado y personal, nunca venderlo a terceros, publicarlo ni cederlo por ning\u00fan medio f\u00edsico o digital.<\/p>\n<p>El uso de este contenido descargable est\u00e1 protegido por los derechos de propiedad intelectual de acuerdo con los tratados internacionales en los que Espa\u00f1a es parte.<\/p>\n<p>Queda prohibida cualquier reproducci\u00f3n, representaci\u00f3n, modificaci\u00f3n o distribuci\u00f3n de esta web. Mediante la descarga o el uso de dicho contenido descargable aceptas utilizarlo conforme al presente Aviso Legal.<\/p>\n<p>Si consideras que existe la violaci\u00f3n de tus leg\u00edtimos derechos de propiedad intelectual en esta web, deber\u00e1s notificarlo a la mayor brevedad posible.<\/p>\n<p>Por favor, indica los datos personales de los derechos presuntamente violados o los datos del representante legal en caso de que se act\u00fae a trav\u00e9s de un tercero.<\/p>\n<p>Adem\u00e1s, debes se\u00f1alar cu\u00e1les son esos derechos y en qu\u00e9 parte de la web se encuentran, adem\u00e1s de los documentos que te acrediten como due\u00f1o de los derechos y una declaraci\u00f3n de responsabilidad de la veracidad de que la informaci\u00f3n que facilitas en la notificaci\u00f3n.<\/p>\n<h2><strong>C\u00f3digo de conducta y pol\u00edtica de comentarios<\/strong><\/h2>\n<p>Apoyo los valores de la tolerancia y el respeto, por lo que mediante el uso de la web de The Content Factory aceptas:<\/p>\n<ul>\n<li>No publicar comentarios racistas, violentos, xen\u00f3fobos, maliciosos, insultantes, obscenos o ilegales hacia el responsable de la web o hacia otras personas. Los comentarios que no cumplan estas pol\u00edticas ser\u00e1n eliminados por el administrador.<\/li>\n<li>No difundir contenido perjudicial, no autorizado, difamatorio, malicioso o que vulnere los derechos de intimidad o publicidad, as\u00ed como contenido que incite a la violencia, el odio racial o \u00e9tnico o que incite a cometer delitos o infracciones.<\/li>\n<li>No difundir contenido que incluya datos de car\u00e1cter personal protegidos por la pol\u00edtica de privacidad que rige esta web y que puedan servir para identificar nominal y concretamente a una persona sin su autorizaci\u00f3n expresa, tales como nombre, apellidos, direcci\u00f3n postal o tel\u00e9fono.<\/li>\n<li>No utilizar los comentarios para promocionar productos o servicios y, en general, cualquier forma de spam.<\/li>\n<\/ul>\n<h2><strong>Enlaces externos<\/strong><\/h2>\n<p>Los enlaces externos incluidos en esta web pueden llevarte a sitios de terceros, cuyo contenido no puedo controlar.<\/p>\n<p>Estos enlaces tienen como objeto proporcionar al usuario la posibilidad de acceder a ellos para completar la informaci\u00f3n ofrecida.<\/p>\n<p>La consulta de webs de terceros se realizar\u00e1 por propia decisi\u00f3n y bajo tu exclusiva responsabilidad.<\/p>\n<p>Cualquier usuario que se proponga establecer un dispositivo t\u00e9cnico de enlace de su web a The Content Factory deber\u00e1 obtener previamente y por escrito autorizaci\u00f3n del responsable de esta web, Carmen D\u00edaz Soloaga.<\/p>\n<p>Este enlace no implica relaci\u00f3n alguna entre The Content Factory y el propietario del sitio, ni la aceptaci\u00f3n ni aprobaci\u00f3n de The Content Factory de sus contenidos o servicios.<\/p>\n<h2><strong>Descargo<\/strong><\/h2>\n<p>The Content Factory y su responsable, Carmen D\u00edaz Soloaga, hacen todo lo posible por mantener el acceso a esta web y al contenido descargable en todo momento.<\/p>\n<p>Sin embargo, no puedo garantizar la disponibilidad y accesibilidad a la web de forma permanente.<\/p>\n<p>Para el mantenimiento t\u00e9cnico de la misma, es posible que deba suspender de forma moment\u00e1nea el acceso a la misma.<\/p>\n<p>Internet y las redes inform\u00e1ticas de telecomunicaciones sufren con frecuencia fallos.<\/p>\n<p>Carmen D\u00edaz Soloaga no se hace responsable del da\u00f1o que se pueda derivar del uso de internet o de las redes de telecomunicaciones e inform\u00e1ticas.<\/p>\n<p>As\u00ed mismo, no se hace responsable del uso il\u00edcito, negligente, fraudulento o contrario a este aviso legal, as\u00ed como de la existencia de malware, programas maliciosos o lesivos en los contenidos.<\/p>\n<p>Tampoco se hace responsable de la falta de calidad, licitud, utilidad y disponibilidad de los servicios de terceros que se puedan utilizar a trav\u00e9s de esta web.<\/p>\n<p>Carmen D\u00edaz Soloaga no se hace responsable de los da\u00f1os que puedan derivar del mal uso o del uso ilegal de esta web.<\/p>\n<h2><strong>Resoluci\u00f3n de controversias y derecho aplicable<\/strong><\/h2>\n<p>El presente aviso legal se regir\u00e1 por las leyes de Espa\u00f1a, con sometimiento a los Tribunales de Madrid Capital.<\/p>\n<p>Adem\u00e1s, pongo a disposici\u00f3n de los usuarios la plataforma de resoluci\u00f3n de litigios que facilita la Comisi\u00f3n Europea y que se encuentra disponible en el siguiente enlace: http:\/\/ec.europa.eu\/consumers\/odr\/<\/p>\n<h2><strong>Contacto<\/strong><\/h2>\n<p>Para cualquier reclamaci\u00f3n, duda o comentario relacionado con este aviso legal puedes ponerte en contacto con su responsable, Carmen D\u00edaz Soloaga en el correo hola@theaicontentfactory.com.<\/p>\n<p>[\/et_pb_text][\/et_pb_column][\/et_pb_row][\/et_pb_section]<\/p>\n","protected":false},"excerpt":{"rendered":"<p>Aviso legalBienvenido a la web de The Content Factory.\u00a0 Por favor, lee atentamente la informaci\u00f3n contenida en este Aviso Legal antes de comenzar a navegar por la web. Mediante el uso de este sitio, aceptas el presente Aviso Legal. Para cualquier petici\u00f3n o consulta relacionada con el uso de esta web puedes ponerte en contacto [&hellip;]<\/p>\n","protected":false},"author":1,"featured_media":0,"parent":0,"menu_order":0,"comment_status":"closed","ping_status":"closed","template":"","meta":{"_et_pb_use_builder":"on","_et_pb_old_content":"","_et_gb_content_width":"","footnotes":""},"class_list":["post-490","page","type-page","status-publish","hentry"],"_links":{"self":[{"href":"https:\/\/theaicontentfactory.com\/es\/wp-json\/wp\/v2\/pages\/490","targetHints":{"allow":["GET"]}}],"collection":[{"href":"https:\/\/theaicontentfactory.com\/es\/wp-json\/wp\/v2\/pages"}],"about":[{"href":"https:\/\/theaicontentfactory.com\/es\/wp-json\/wp\/v2\/types\/page"}],"author":[{"embeddable":true,"href":"https:\/\/theaicontentfactory.com\/es\/wp-json\/wp\/v2\/users\/1"}],"replies":[{"embeddable":true,"href":"https:\/\/theaicontentfactory.com\/es\/wp-json\/wp\/v2\/comments?post=490"}],"version-history":[{"count":7,"href":"https:\/\/theaicontentfactory.com\/es\/wp-json\/wp\/v2\/pages\/490\/revisions"}],"predecessor-version":[{"id":2432,"href":"https:\/\/theaicontentfactory.com\/es\/wp-json\/wp\/v2\/pages\/490\/revisions\/2432"}],"wp:attachment":[{"href":"https:\/\/theaicontentfactory.com\/es\/wp-json\/wp\/v2\/media?parent=490"}],"curies":[{"name":"wp","href":"https:\/\/api.w.org\/{rel}","templated":true}]}}