{"id":467,"date":"2024-02-12T18:55:06","date_gmt":"2024-02-12T17:55:06","guid":{"rendered":"https:\/\/theaicontentfactory.com\/?page_id=467"},"modified":"2024-07-08T19:17:34","modified_gmt":"2024-07-08T17:17:34","slug":"condiciones-generales-de-contratacion","status":"publish","type":"page","link":"https:\/\/theaicontentfactory.com\/es\/condiciones-generales-de-contratacion\/","title":{"rendered":"Condiciones generales de contrataci\u00f3n"},"content":{"rendered":"<p>[et_pb_section fb_built=\u00bb1&#8243; admin_label=\u00bbTeam\u00bb _builder_version=\u00bb4.22.0&#8243; _module_preset=\u00bbdefault\u00bb background_color=\u00bbgcid-3cfc8c0c-5557-4a5d-9dab-24e78d615311&#8243; custom_padding=\u00bb37px|||||\u00bb locked=\u00bboff\u00bb collapsed=\u00bboff\u00bb global_colors_info=\u00bb{%22gcid-3cfc8c0c-5557-4a5d-9dab-24e78d615311%22:%91%22background_color%22%93}\u00bb][et_pb_row _builder_version=\u00bb4.22.0&#8243; _module_preset=\u00bbdefault\u00bb global_colors_info=\u00bb{}\u00bb][et_pb_column type=\u00bb4_4&#8243; _builder_version=\u00bb4.22.0&#8243; _module_preset=\u00bbdefault\u00bb global_colors_info=\u00bb{}\u00bb][et_pb_text _builder_version=\u00bb4.22.0&#8243; _module_preset=\u00bbed552bd5-43ba-47d6-adf6-38025c709fde\u00bb max_width=\u00bb800px\u00bb global_colors_info=\u00bb{}\u00bb]<\/p>\n<h2>Condiciones generales de contrataci\u00f3n<\/h2>\n<p>[\/et_pb_text][\/et_pb_column][\/et_pb_row][et_pb_row _builder_version=\u00bb4.24.0&#8243; _module_preset=\u00bbdefault\u00bb custom_padding=\u00bb2px|||||\u00bb global_colors_info=\u00bb{}\u00bb][et_pb_column type=\u00bb4_4&#8243; _builder_version=\u00bb4.24.0&#8243; _module_preset=\u00bbdefault\u00bb global_colors_info=\u00bb{}\u00bb][et_pb_text _builder_version=\u00bb4.26.0&#8243; _module_preset=\u00bbdefault\u00bb text_font=\u00bbWork Sans||||||||\u00bb header_2_font=\u00bbWork Sans||||||||\u00bb header_2_text_color=\u00bb#0F736F\u00bb header_2_line_height=\u00bb1.5em\u00bb header_3_font=\u00bbWork Sans||||||||\u00bb header_3_text_color=\u00bb#0F736F\u00bb header_4_font=\u00bbWork Sans||||||||\u00bb header_4_text_color=\u00bb#F49E6C\u00bb hover_enabled=\u00bb0&#8243; global_colors_info=\u00bb{}\u00bb sticky_enabled=\u00bb0&#8243;]<\/p>\n<p>A trav\u00e9s de la web de The Content Factory puedes contratar diferentes servicios y comprar productos digitales.<\/p>\n<p>Con estas condiciones generales de contrataci\u00f3n pretendo que est\u00e9s informado de cu\u00e1les son las reglas que regulan nuestra relaci\u00f3n.<\/p>\n<p>Es importante que antes de contratar cualquier servicio o comprar cualquier producto leas atentamente estas condiciones, que se aplican a la prestaci\u00f3n de los servicios que presto en The Content Factory, a saber, dise\u00f1o de infograf\u00edas, ebooks y whitepapers, redacci\u00f3n de textos, asesoramiento de contenidos a empresas, as\u00ed como cursos y conferencias.<\/p>\n<p>Solo podr\u00e1s acceder a la contrataci\u00f3n de estos servicios o a la compra de los productos digitales si antes has le\u00eddo y aceptado las condiciones generales de contrataci\u00f3n, nunca antes.<\/p>\n<p>\u00bfPor qu\u00e9? Porque al aceptar estas condiciones, quedas vinculado a ellas y que junto a la pol\u00edtica de privacidad, rigen la relaci\u00f3n comercial entre t\u00fa como usuario y Carmen D\u00edaz Soloaga como responsable de The Content Factory.<\/p>\n<p>Si no est\u00e1s de acuerdo con todos o algunos de los t\u00e9rminos aqu\u00ed expuestos, no podr\u00e1s contratar mis servicios o comprar los productos.<\/p>\n<p>Tambi\u00e9n es importante que sepas que me reservo el derecho a modificar estos t\u00e9rminos.<\/p>\n<p>Si la modificaci\u00f3n es importante, se notificar\u00e1 a los usuarios a trav\u00e9s de esta misma web.<\/p>\n<p>Por \u00faltimo, solo podr\u00e1s acceder a la contrataci\u00f3n de estos servicios o a la compra de los productos si eres mayor de edad (18 a\u00f1os) o eres una persona jur\u00eddica.<\/p>\n<h2>Identificaci\u00f3n del comprador<\/h2>\n<p>En virtud de lo establecido en la Ley 34\/2002 de Servicios de la Sociedad de La Informaci\u00f3n y del Comercio Electr\u00f3nico (LSSICE), te ofrezco la siguiente informaci\u00f3n:<\/p>\n<p>&#8211; Responsable: Carmen D\u00edaz Soloaga<\/p>\n<p>&#8211; Nombre comercial: The Content Factory<\/p>\n<p>&#8211; NIF\/CIF: 53105016V<\/p>\n<p>&#8211; Direcci\u00f3n: c\/ Frigiliana, 2. Portal A. 3\u00ba B. 28045. Madrid.<\/p>\n<p>&#8211; Tel\u00e9fono de contacto: 657 81 81 09<\/p>\n<p>&#8211; Correo electr\u00f3nico: hola@theaicontentfactory.com<\/p>\n<p>&#8211; Actividad: ofrezco servicios de redacci\u00f3n, dise\u00f1o y distribuci\u00f3n de contenidos, as\u00ed como servicios de community management, dise\u00f1o de infograf\u00edas y formaci\u00f3n.<\/p>\n<h2>Servicios ofertados<\/h2>\n<p>En The Content Factory\u00a0se ponen a disposici\u00f3n de los interesados los siguientes \u00a0servicios:<\/p>\n<ul>\n<li>Redacci\u00f3n de contenidos.<\/li>\n<li>Asesoramiento en marketing de contenidos.<\/li>\n<li>Dise\u00f1o de contenidos digitales como ebooks, infograf\u00edas, whitepapers.<\/li>\n<li>Servicios de docencia especializada en marketing.<\/li>\n<li>Servicios de community management.<\/li>\n<\/ul>\n<p>Antes de contratar alguno de estos servicios deber\u00e1s ponerte en contacto conmigo a trav\u00e9s de uno de los formularios disponibles en la web.<\/p>\n<p>La misi\u00f3n de este env\u00edo de informaci\u00f3n es que se pueda recabar la informaci\u00f3n necesaria para atender a tu petici\u00f3n.<\/p>\n<p>Por eso, es importante que la informaci\u00f3n que me env\u00edes sea precisa, est\u00e9 actualizada y sea completa.<\/p>\n<p>Si la informaci\u00f3n que me facilitas no es precisa, completa y est\u00e1 actualizada, podr\u00eda tener como resultado la disoluci\u00f3n del contrato con The Content Factory.<\/p>\n<h2>Precios e impuestos<\/h2>\n<p>Por las presentes condiciones de contrataci\u00f3n te comprometes a abonar los servicios contratados \u00edntegramente, en el tiempo y medio establecidos.<\/p>\n<p>Tambi\u00e9n te comprometes a abonar cualquier cantidad complementaria, como impuestos o cargos por pagos atrasados.<\/p>\n<p>Todos los productos y servicios se pagan por adelantado (100%).<\/p>\n<p>Las transacciones dentro del territorio espa\u00f1ol est\u00e1n sujetas a IVA (Impuesto sobre el Valor A\u00f1adido).<\/p>\n<p>No se incluye todo aquello que no aparezca especificado en la descripci\u00f3n como incluido.<\/p>\n<h2>Procedimiento de compra<\/h2>\n<p>A trav\u00e9s de The Content Factory solamente podr\u00e1n ser realizados pedidos por personas f\u00edsicas mayores de 18 a\u00f1os y personas jur\u00eddicas.<\/p>\n<p>En la p\u00e1gina web se informa de los servicios que ofrece The Content Factory, de los cuales no se especifica el precio por ser servicios a medida, pero s\u00ed de aquellos que pueden ser comprados digitalmente.<\/p>\n<p>El procedimiento para efectuar y gestionar la compra de los productos digitales, el proceso es el siguiente:<\/p>\n<ol>\n<li>Elegir el producto o productos que deseas adquirir.<\/li>\n<li>Proceder al pago a trav\u00e9s de la p\u00e1gina siguiendo las instrucciones de la pasarela de pago.<\/li>\n<li>Una vez completado el pago, recibir\u00e1s un correo con las instrucciones a seguir para empezar el proceso de creaci\u00f3n del producto digital. Recibir\u00e1s en otro correo las claves de acceso a la pasarela de gesti\u00f3n de tu producto, donde encontrar\u00e1s el producto una vez finalizado y podr\u00e1s aprobar o rechazar los productos en los casos especificados (consultar cada producto en concreto).<\/li>\n<\/ol>\n<h2>Disponibilidad<\/h2>\n<p>Los servicios ofertados en la web de The Content Factory pueden ser contratados en todo el mundo. Con objeto de que en todo momento est\u00e9s informado de la gesti\u00f3n de la contrataci\u00f3n de los servicios, recibir\u00e1s un correo con la confirmaci\u00f3n del pedido y con la confirmaci\u00f3n del pago.<\/p>\n<h2>Formas de pago<\/h2>\n<p>Se aceptan las siguientes formas de pago:<\/p>\n<ul>\n<li>Tarjeta de d\u00e9bito.<\/li>\n<li>Tarjeta de cr\u00e9dito.<\/li>\n<\/ul>\n<p>Una vez realizado el pago, recibir\u00e1s un correo electr\u00f3nico de confirmaci\u00f3n del mismo.<\/p>\n<p>Carmen D\u00edaz Soloaga no tiene conocimiento de los datos referentes a tu tarjeta de cr\u00e9dito ni contrase\u00f1as. Todos los sistemas de pago empleados son totalmente seguros.<\/p>\n<p>Los pagos son previos a la prestaci\u00f3n del servicio, por lo que Carmen D\u00edaz Soloaga no proporcionar\u00e1 el servicio solicitado hasta el momento en que haya recibido el pago del mismo.<\/p>\n<p>Carmen D\u00edaz Soloaga se reserva el derecho a cancelar temporal o definitivamente los servicios prestados, ante cualquier incidencia en materia de cobro de los mismos.<\/p>\n<h2>Facturas<\/h2>\n<p>Una vez que recibas el producto, si necesitas factura, puedes ponerte en contacto con nosotros para que la generemos.\u00a0<\/p>\n<h2>Garant\u00eda<\/h2>\n<p>Me esfuerzo por facilitar servicios de m\u00e1xima calidad, pero dada su naturaleza, no puedo ofrecer garant\u00eda de satisfacci\u00f3n.<\/p>\n<p>En caso de que no recibas el servicio contratado en la forma correcta, deber\u00e1s comunic\u00e1rmelo a la mayor brevedad posible para que pueda subsanar el problema.<\/p>\n<h2>Devoluciones<\/h2>\n<p>Dada la naturaleza de los servicios ofertados objeto del presente contrato no es posible efectuar devoluciones.<\/p>\n<h2>Sistema com\u00fan del impuesto sobre el valor a\u00f1adido de la Uni\u00f3n Europea<\/h2>\n<p>Seg\u00fan lo establecido en la Ley 37\/1992, de 28 de diciembre, reguladora del impuesto sobre el valor a\u00f1adido y la Directiva Europea 2008\/8\/CE, la operaci\u00f3n puede resultar exenta o no sujeta al mismo en funci\u00f3n del pa\u00eds de residencia del comprador y de la condici\u00f3n en la que act\u00faa el mismo (empresario\/profesional o particular).<\/p>\n<p>Como consecuencia, en algunos casos, el precio final del pedido puede verse alterado.<\/p>\n<p>El precio de los infoproductos vendidos por The Content Factory incluye el IVA espa\u00f1ol.<\/p>\n<p>Cuando el pedido tenga como destino un pa\u00eds diferente de la Uni\u00f3n Europea, el IVA ser\u00e1 deducido y se aplicar\u00e1 el tipo impositivo del pa\u00eds donde reside el comprador.<\/p>\n<p>El precio final aparecer\u00e1 durante la confirmaci\u00f3n del pedido.<\/p>\n<h2>Derecho de Desistimiento<\/h2>\n<p>El derecho de desistimiento es la capacidad que tiene el CLIENTE de desistir el presente contrato en un plazo de 14 d\u00edas naturales sin necesidad de justificaci\u00f3n.<\/p>\n<p>El derecho de desistimiento no se podr\u00e1 ejercer (salvo por error o defecto en el producto o servicio contratado), en los siguientes supuestos:<\/p>\n<ul>\n<li>Personas jur\u00eddicas: cuando el cliente sea una persona jur\u00eddica el derecho de desistimiento no ser\u00e1 aplicable de acuerdo con el art\u00edculo de la ley 1\/2007.<\/li>\n<\/ul>\n<ul>\n<li>Contenidos digitales: cuando el servicio prestado se base en el suministro de contenidos digitales, de acuerdo con el art\u00edculo 103.m de la ley 1\/2007, el derecho de desistimiento no ser\u00e1 aplicable a este contrato.<\/li>\n<\/ul>\n<ul>\n<li>Servicios prestados dentro del periodo de desistimiento: cuando el servicio objeto del presente contrato inicie su prestaci\u00f3n dentro del periodo legal de desistimiento (14 d\u00edas), de acuerdo con el art\u00edculo 103.d y 108.3 del Real Decreto Legislativo 1\/2007, cuando el servicio haya sido prestado totalmente perder\u00e1 su derecho al desistimiento y, cuando el servicio haya sido prestado parcialmente, en caso de desistimiento, deber\u00e1 abonar la parte proporcional.<\/li>\n<\/ul>\n<p>El plazo de desistimiento expirar\u00e1 a los 14 d\u00edas naturales del d\u00eda de la celebraci\u00f3n del contrato.<\/p>\n<p>Para ejercer el derecho de desistimiento, deber\u00e1s notificar tu decisi\u00f3n de desistir del presente contrato a trav\u00e9s de una declaraci\u00f3n inequ\u00edvoca (por ejemplo, una carta enviada por correo postal, fax o correo electr\u00f3nico) en la siguiente direcci\u00f3n: c\/ Frigiliana, 2. 28045 Madrid o en el siguiente correo electr\u00f3nico: hola@theaicontentfactory.com<\/p>\n<h3>Consecuencias del desistimiento<\/h3>\n<p>En caso de desistimiento, devolver\u00e9 los pagos realizados sin demora y, en todo caso, a m\u00e1s tardar en 14 d\u00edas naturales a partir de la fecha en la que se me informes de tu decisi\u00f3n de desistir del presente contrato y siempre que se haya notificado con 10 d\u00edas de antelaci\u00f3n a la fecha de comienzo de los trabajos contratados.<\/p>\n<p>Para realizar el reembolso, se utilizar\u00e1 el mismo medio de pago de la transacci\u00f3n inicial, a no ser que se haya indicado expresamente lo contrario. De cualquier forma, el reembolso no supondr\u00e1 ning\u00fan gasto adicional.<\/p>\n<p>En caso de que el servicio contratado hubiera dado comienzo durante el periodo de desistimiento, de acuerdo con el art\u00edculo 108.3 de la Ley 3\/2014, podr\u00e9 retener la parte proporcional correspondiente al servicio prestado.<\/p>\n<p>En caso de que este servicio se haya prestado completamente, de acuerdo con el art\u00edculo 103.a de la Ley 3\/2014, el derecho de desistimiento no ser\u00e1 aplicable.<\/p>\n<p>Todos los servicios suministrados, por su naturaleza, sobrevivir\u00e1n la disoluci\u00f3n si est\u00e1n abonados en su totalidad, incluyendo, sin limitaci\u00f3n, las disposiciones de propiedad, renuncias de garant\u00eda, indemnizaci\u00f3n y limitaciones de responsabilidad.<\/p>\n<p>Podr\u00e1s solicitar el desistimiento mediante el siguiente modelo, aunque su uso no es obligatorio.<\/p>\n<h4>MODELO DE FORMULARIO DE DESISTIMIENTO<\/h4>\n<p>A la atenci\u00f3n de<\/p>\n<p>Carmen D\u00edaz Soloaga<\/p>\n<p>c\/ Frigiliana, 2. 28045 Madrid.<\/p>\n<p>hola@theaicontentfactory.com<\/p>\n<p>Por la presente comunico que desisto de mi contrato de contrataci\u00f3n de servicios:<\/p>\n<p>Pedido el:<\/p>\n<p>Nombre del consumidor:<\/p>\n<p>Firma del consumidor<\/p>\n<p>Fecha<\/p>\n<p>Para cumplir el plazo de desistimiento, basta con que la comunicaci\u00f3n relativa al ejercicio por tu parte de este derecho sea enviada antes de que venza el plazo correspondiente.<\/p>\n<h2>Perfecci\u00f3n del contrato y modificaciones de los servicios<\/h2>\n<p>Este contrato se perfeccionar\u00e1 con el pago del servicio por parte del CLIENTE y mediante el env\u00edo por correo electr\u00f3nico de la confirmaci\u00f3n del pago, as\u00ed como una descripci\u00f3n de los servicios contratados.<\/p>\n<p>Carmen D\u00edaz Soloaga se reserva el derecho a modificar de cualquier forma las caracter\u00edsticas y condiciones de sus servicios, siempre con el objetivo de mejorarlos y que suponga un beneficio para el CLIENTE.<\/p>\n<h2>Obligaciones de las partes<\/h2>\n<p>Me comprometo a proporcionar al CLIENTE los servicios contratados aplicando la m\u00e1xima diligencia. Tambi\u00e9n me comprometo a cuidar el mantenimiento de las instalaciones necesarias para el funcionamiento de la red, disponiendo para ello de un equipo t\u00e9cnico e inform\u00e1tico adecuado.<\/p>\n<p>Por su parte, el CLIENTE se compromete a utilizar los servicios prestados de buena fe, sin vulnerar las leyes vigentes en cualquier materia o infringir derechos de terceras personas, as\u00ed como al pago del servicio seleccionado en el tiempo y forma fijado en las presentes condiciones de venta.<\/p>\n<p>No puedo garantizar que la disponibilidad del servicio sea continua e ininterrumpida. Por problemas en la red de internet, aver\u00edas de servicios inform\u00e1ticos u otras circunstancias el servicio puede verse interrumpido.<\/p>\n<p>Por tanto, como CLIENTE aceptas soportar dentro de unos l\u00edmites razonables estas circunstancias.<\/p>\n<p>Adem\u00e1s, renuncias a reclamar a Carmen D\u00edaz Soloaga cualquier responsabilidad contractual o extracontractual por los posibles fallos, errores y uso del servicio contratado.<\/p>\n<h2>Comunicaciones entre cliente y proveedor<\/h2>\n<p>Todas las notificaciones entre el CLIENTE y Carmen D\u00edaz Soloaga se realizar\u00e1n preferentemente a trav\u00e9s de correo electr\u00f3nico.<\/p>\n<p>El CLIENTE es responsable de confirmar que ha recibido las notificaciones preceptivas y de poner en conocimiento de Carmen D\u00edaz Soloaga cualquier modificaci\u00f3n de sus datos. Carmen D\u00edaz Soloaga queda exonerada de cualquier responsabilidad derivada por esta circunstancia.<\/p>\n<p>Los cambios en los datos deber\u00e1n hacerse en el correo hola@theaicontentfactory.com<\/p>\n<h2>Compromiso, aceptaci\u00f3n y validez del contrato<\/h2>\n<p>El CLIENTE reconoce haber le\u00eddo y aceptado las condiciones legales de uso y la pol\u00edtica de privacidad de The Content Factory.<\/p>\n<p>El CLIENTE reconoce haber entendido toda la informaci\u00f3n sobre los servicios ofertados, as\u00ed como las condiciones para la contrataci\u00f3n de los mismos, afirmando que son suficientes para la exclusi\u00f3n del error en el consentimiento del presente contrato, y, por lo tanto, las acepta integra y expresamente.<\/p>\n<h2>Datos personales<\/h2>\n<p>El proceso de contrataci\u00f3n requiere que cumplimentes formularios de datos personales con la finalidad de tramitar y gestionar los pedidos y, si lo autoriza, para remitirte informaci\u00f3n comercial sobre mis servicios.<\/p>\n<p>El suministro de dichos datos personales requiere la aprobaci\u00f3n previa de la pol\u00edtica de privacidad.<\/p>\n<h2>Confidencialidad<\/h2>\n<p>Durante la contrataci\u00f3n, desarrollo y ejecuci\u00f3n de los servicios contratados el CLIENTE proporcionar\u00e1 informaci\u00f3n y documentaci\u00f3n utilizada que tendr\u00e1 car\u00e1cter confidencial.<\/p>\n<p>Est\u00e1 totalmente prohibida la cesi\u00f3n a terceros de cualquier material que Carmen D\u00edaz Soloaga reciba, tales como textos, correos, im\u00e1genes, documentos, fuentes, contrase\u00f1as, informes o material empresarial.<\/p>\n<h2>Propiedad intelectual<\/h2>\n<p>El desarrollo de esta web es fruto de un gran esfuerzo personal.<\/p>\n<p>Por eso, todos y cada uno de los elementos que la conforman gozan de la protecci\u00f3n ofrecida por los derechos de propiedad intelectual.<\/p>\n<p>En virtud de lo dispuesto en los art\u00edculos 8 y 32.1, p\u00e1rrafo segundo, de la Ley de Propiedad Intelectual, quedan expresamente prohibidas la reproducci\u00f3n, la distribuci\u00f3n y la comunicaci\u00f3n p\u00fablica, incluida su modalidad de puesta a disposici\u00f3n, de la totalidad o parte de los contenidos de esta p\u00e1gina web, con fines comerciales, en cualquier soporte y por cualquier medio t\u00e9cnico, sin la autorizaci\u00f3n expresa de su responsable, Carmen D\u00edaz Soloaga.<\/p>\n<p>El usuario se compromete a respetar estos t\u00e9rminos de propiedad intelectual e industrial cuya titularidad ostenta Carmen D\u00edaz Soloaga.<\/p>\n<p>A trav\u00e9s de esta web pongo a disposici\u00f3n del usuario contenidos que est\u00e1 autorizado a descargar (en lo sucesivo el \u00abContenido Descargable\u00bb).<\/p>\n<p>Concedo, \u00fanicamente para su propio uso personal y privado y sin coste, para el periodo de protecci\u00f3n legal de derechos de propiedad intelectual de acuerdo con los tratados internacionales en los que Espa\u00f1a es parte y otros derechos de propiedad y leyes de Espa\u00f1a, un derecho no exclusivo e intransferible de uso del contenido descargable.<\/p>\n<p>Queda prohibida cualquier reproducci\u00f3n, representaci\u00f3n, modificaci\u00f3n o distribuci\u00f3n de esta web. Mediante la descarga o el uso de dicho contenido descargable aceptas utilizarlo conforme al presente Aviso Legal.<\/p>\n<h2>Idioma<\/h2>\n<p>El idioma en que se celebrar\u00e1 el presente contrato entre Carmen D\u00edaz Soloaga y el CLIENTE es el espa\u00f1ol.<\/p>\n<h2>Resoluci\u00f3n de controversias y derecho aplicable<\/h2>\n<p>El presente aviso legal se regir\u00e1 por las leyes de Espa\u00f1a, con sometimiento a los Tribunales de Madrid Capital.<\/p>\n<p>Adem\u00e1s, pongo a disposici\u00f3n de los usuarios la plataforma de resoluci\u00f3n de litigios que facilita la Comisi\u00f3n Europea y que se encuentra disponible en el siguiente enlace: http:\/\/ec.europa.eu\/consumers\/odr\/<\/p>\n<h2>Atenci\u00f3n<\/h2>\n<p>Estas condiciones de contrataci\u00f3n se han creado con fecha 16\/02\/2024.<\/p>\n<p>Me reservo el derecho a modificarlas en cualquier momento, as\u00ed como a variar los precios y el contenido de los servicios ofrecidos.<\/p>\n<p>Por favor, cada vez que te conectes a esta web, comprueba la fecha de actualizaci\u00f3n, as\u00ed podr\u00e1s tener la seguridad de si se han producido o no cambios en las condiciones de contrataci\u00f3n.<\/p>\n<p>Quedo a tu disposici\u00f3n para cualquier aclaraci\u00f3n en el correo hola@theaicontentfactory.com<\/p>\n<p>[\/et_pb_text][\/et_pb_column][\/et_pb_row][\/et_pb_section]<\/p>\n","protected":false},"excerpt":{"rendered":"<p>Condiciones generales de contrataci\u00f3n A trav\u00e9s de la web de The Content Factory puedes contratar diferentes servicios y comprar productos digitales. Con estas condiciones generales de contrataci\u00f3n pretendo que est\u00e9s informado de cu\u00e1les son las reglas que regulan nuestra relaci\u00f3n. Es importante que antes de contratar cualquier servicio o comprar cualquier producto leas atentamente estas [&hellip;]<\/p>\n","protected":false},"author":1,"featured_media":0,"parent":0,"menu_order":0,"comment_status":"closed","ping_status":"closed","template":"","meta":{"_et_pb_use_builder":"on","_et_pb_old_content":"","_et_gb_content_width":"","footnotes":""},"class_list":["post-467","page","type-page","status-publish","hentry"],"_links":{"self":[{"href":"https:\/\/theaicontentfactory.com\/es\/wp-json\/wp\/v2\/pages\/467","targetHints":{"allow":["GET"]}}],"collection":[{"href":"https:\/\/theaicontentfactory.com\/es\/wp-json\/wp\/v2\/pages"}],"about":[{"href":"https:\/\/theaicontentfactory.com\/es\/wp-json\/wp\/v2\/types\/page"}],"author":[{"embeddable":true,"href":"https:\/\/theaicontentfactory.com\/es\/wp-json\/wp\/v2\/users\/1"}],"replies":[{"embeddable":true,"href":"https:\/\/theaicontentfactory.com\/es\/wp-json\/wp\/v2\/comments?post=467"}],"version-history":[{"count":10,"href":"https:\/\/theaicontentfactory.com\/es\/wp-json\/wp\/v2\/pages\/467\/revisions"}],"predecessor-version":[{"id":2890,"href":"https:\/\/theaicontentfactory.com\/es\/wp-json\/wp\/v2\/pages\/467\/revisions\/2890"}],"wp:attachment":[{"href":"https:\/\/theaicontentfactory.com\/es\/wp-json\/wp\/v2\/media?parent=467"}],"curies":[{"name":"wp","href":"https:\/\/api.w.org\/{rel}","templated":true}]}}