{"id":161,"date":"2024-01-22T12:44:40","date_gmt":"2024-01-22T11:44:40","guid":{"rendered":"https:\/\/theaicontentfactory.com\/mi-cuenta\/"},"modified":"2024-06-13T19:46:26","modified_gmt":"2024-06-13T17:46:26","slug":"area-de-cliente","status":"publish","type":"page","link":"https:\/\/theaicontentfactory.com\/es\/area-de-cliente\/","title":{"rendered":"\u00c1rea de Cliente"},"content":{"rendered":"<p>[et_pb_section fb_built=\u00bb1&#8243; _builder_version=\u00bb4.24.0&#8243; _module_preset=\u00bbdefault\u00bb module_alignment=\u00bbright\u00bb custom_padding=\u00bb0px||0px|||\u00bb global_colors_info=\u00bb{}\u00bb][et_pb_row _builder_version=\u00bb4.24.0&#8243; _module_preset=\u00bbdefault\u00bb module_alignment=\u00bbright\u00bb custom_padding=\u00bb0px||2px|||\u00bb global_colors_info=\u00bb{}\u00bb][et_pb_column type=\u00bb4_4&#8243; _builder_version=\u00bb4.24.0&#8243; _module_preset=\u00bbdefault\u00bb global_colors_info=\u00bb{}\u00bb][et_pb_image src=\u00bbhttps:\/\/theaicontentfactory.com\/wp-content\/uploads\/2024\/01\/servicios.png\u00bb title_text=\u00bbservicios\u00bb _builder_version=\u00bb4.24.0&#8243; _module_preset=\u00bbdefault\u00bb custom_padding=\u00bb0px|||||\u00bb global_colors_info=\u00bb{}\u00bb][\/et_pb_image][\/et_pb_column][\/et_pb_row][\/et_pb_section][et_pb_section fb_built=\u00bb1&#8243; admin_label=\u00bbsection\u00bb _builder_version=\u00bb4.16&#8243; custom_padding=\u00bb26px|||||\u00bb global_colors_info=\u00bb{}\u00bb][et_pb_row admin_label=\u00bbrow\u00bb _builder_version=\u00bb4.16&#8243; background_size=\u00bbinitial\u00bb background_position=\u00bbtop_left\u00bb background_repeat=\u00bbrepeat\u00bb custom_margin=\u00bb-21px|auto||auto||\u00bb custom_padding=\u00bb3px|||||\u00bb global_colors_info=\u00bb{}\u00bb][et_pb_column type=\u00bb4_4&#8243; _builder_version=\u00bb4.16&#8243; custom_padding=\u00bb|||\u00bb global_colors_info=\u00bb{}\u00bb custom_padding__hover=\u00bb|||\u00bb][et_pb_text _builder_version=\u00bb4.24.0&#8243; _module_preset=\u00bbdefault\u00bb header_font=\u00bbWork Sans||||||||\u00bb header_font_size=\u00bb53px\u00bb global_colors_info=\u00bb{}\u00bb]<\/p>\n<h1>\u00c1rea de cliente de The Content Factory<\/h1>\n<p>Bienvenido a tu \u00e1rea de cliente. Desde aqu\u00ed puedes concertar sesiones de consultor\u00eda, recibir archivos y consultar la base de conocimiento. Si tienes dudas, ponte en contacto con nosotros a trav\u00e9s del icono de contacto.<\/p>\n<p>[\/et_pb_text][et_pb_text admin_label=\u00bbText\u00bb _builder_version=\u00bb4.16&#8243; background_size=\u00bbinitial\u00bb background_position=\u00bbtop_left\u00bb background_repeat=\u00bbrepeat\u00bb custom_padding=\u00bb0px|||||\u00bb global_colors_info=\u00bb{}\u00bb]<\/p>\n<p><div class=\"woocommerce\"><\/div><div class=\"cyp_mi_cuenta\"><\/div><\/p>\n<p>[\/et_pb_text][\/et_pb_column][\/et_pb_row][\/et_pb_section]<\/p>\n","protected":false},"excerpt":{"rendered":"<p>\u00c1rea de cliente de The Content Factory Bienvenido a tu \u00e1rea de cliente. Desde aqu\u00ed puedes concertar sesiones de consultor\u00eda, recibir archivos y consultar la base de conocimiento. Si tienes dudas, ponte en contacto con nosotros a trav\u00e9s del icono de contacto. <div class=\"woocommerce\"><\/div><div class=\"cyp_mi_cuenta\"><\/div><\/p>\n","protected":false},"author":1,"featured_media":0,"parent":0,"menu_order":0,"comment_status":"closed","ping_status":"closed","template":"","meta":{"_et_pb_use_builder":"on","_et_pb_old_content":"<!-- wp:shortcode -->\r\n<p>[woocommerce_my_account][cfshortcodes id=\"mi_cuenta\"]<\/p>\r\n<!-- \/wp:shortcode -->","_et_gb_content_width":"","footnotes":""},"class_list":["post-161","page","type-page","status-publish","hentry"],"_links":{"self":[{"href":"https:\/\/theaicontentfactory.com\/es\/wp-json\/wp\/v2\/pages\/161","targetHints":{"allow":["GET"]}}],"collection":[{"href":"https:\/\/theaicontentfactory.com\/es\/wp-json\/wp\/v2\/pages"}],"about":[{"href":"https:\/\/theaicontentfactory.com\/es\/wp-json\/wp\/v2\/types\/page"}],"author":[{"embeddable":true,"href":"https:\/\/theaicontentfactory.com\/es\/wp-json\/wp\/v2\/users\/1"}],"replies":[{"embeddable":true,"href":"https:\/\/theaicontentfactory.com\/es\/wp-json\/wp\/v2\/comments?post=161"}],"version-history":[{"count":9,"href":"https:\/\/theaicontentfactory.com\/es\/wp-json\/wp\/v2\/pages\/161\/revisions"}],"predecessor-version":[{"id":2517,"href":"https:\/\/theaicontentfactory.com\/es\/wp-json\/wp\/v2\/pages\/161\/revisions\/2517"}],"wp:attachment":[{"href":"https:\/\/theaicontentfactory.com\/es\/wp-json\/wp\/v2\/media?parent=161"}],"curies":[{"name":"wp","href":"https:\/\/api.w.org\/{rel}","templated":true}]}}