{"id":1283,"date":"2024-05-14T13:00:51","date_gmt":"2024-05-14T11:00:51","guid":{"rendered":"https:\/\/theaicontentfactory.com\/?page_id=1283"},"modified":"2024-05-23T13:41:11","modified_gmt":"2024-05-23T11:41:11","slug":"productos-ia","status":"publish","type":"page","link":"https:\/\/theaicontentfactory.com\/es\/productos-ia\/","title":{"rendered":"REDACCI\u00d3N IA PARA EMPRESAS"},"content":{"rendered":"<p>[et_pb_section fb_built=\u00bb1&#8243; _builder_version=\u00bb4.16&#8243; custom_padding=\u00bb0px||||false|false\u00bb global_colors_info=\u00bb{}\u00bb][et_pb_row _builder_version=\u00bb4.25.1&#8243; _module_preset=\u00bbdefault\u00bb global_colors_info=\u00bb{}\u00bb][et_pb_column type=\u00bb4_4&#8243; _builder_version=\u00bb4.25.1&#8243; _module_preset=\u00bbdefault\u00bb global_colors_info=\u00bb{}\u00bb][et_pb_text _builder_version=\u00bb4.25.1&#8243; _module_preset=\u00bbdefault\u00bb header_font=\u00bb|600|||||||\u00bb header_text_color=\u00bb#0F736F\u00bb header_font_size=\u00bb19px\u00bb header_letter_spacing=\u00bb1px\u00bb header_2_font_size=\u00bb39px\u00bb custom_margin=\u00bb||6px|||\u00bb global_colors_info=\u00bb{}\u00bb]<\/p>\n<h1>REDACCI\u00d3N IA PARA EMPRESAS<\/h1>\n<p>[\/et_pb_text][et_pb_text _builder_version=\u00bb4.25.1&#8243; _module_preset=\u00bbdefault\u00bb header_font_size=\u00bb50px\u00bb header_2_font_size=\u00bb39px\u00bb global_colors_info=\u00bb{}\u00bb]<\/p>\n<h2>Conoce todos nuestros productos de redacci\u00f3n IA y mejorados por humanos<\/h2>\n<p>Si buscas contenidos listos para usar, profesionales y adaptados a tu empresa, est\u00e1s en el lugar adecuado. Explora nuestros productos generados por IA y mejorados por profesionales con m\u00e1s de 20 a\u00f1os de experiencia en el sector tecnol\u00f3gico para estar en lo m\u00e1s alto de los motores de b\u00fasqueda.<\/p>\n<p>[\/et_pb_text][et_pb_shop posts_number=\u00bb23&#8243; _builder_version=\u00bb4.25.1&#8243; _module_preset=\u00bbdefault\u00bb title_font=\u00bb|600|||||||\u00bb title_text_color=\u00bb#0F736F\u00bb title_font_size=\u00bb18px\u00bb price_font=\u00bb|700|||||||\u00bb price_text_color=\u00bb#575756&#8243; price_font_size=\u00bb19px\u00bb global_colors_info=\u00bb{}\u00bb][\/et_pb_shop][\/et_pb_column][\/et_pb_row][\/et_pb_section]<\/p>\n","protected":false},"excerpt":{"rendered":"<p>REDACCI\u00d3N IA PARA EMPRESASConoce todos nuestros productos de redacci\u00f3n IA y mejorados por humanos Si buscas contenidos listos para usar, profesionales y adaptados a tu empresa, est\u00e1s en el lugar adecuado. Explora nuestros productos generados por IA y mejorados por profesionales con m\u00e1s de 20 a\u00f1os de experiencia en el sector tecnol\u00f3gico para estar en [&hellip;]<\/p>\n","protected":false},"author":1,"featured_media":0,"parent":0,"menu_order":0,"comment_status":"closed","ping_status":"closed","template":"","meta":{"_et_pb_use_builder":"on","_et_pb_old_content":"","_et_gb_content_width":"","footnotes":""},"class_list":["post-1283","page","type-page","status-publish","hentry"],"_links":{"self":[{"href":"https:\/\/theaicontentfactory.com\/es\/wp-json\/wp\/v2\/pages\/1283","targetHints":{"allow":["GET"]}}],"collection":[{"href":"https:\/\/theaicontentfactory.com\/es\/wp-json\/wp\/v2\/pages"}],"about":[{"href":"https:\/\/theaicontentfactory.com\/es\/wp-json\/wp\/v2\/types\/page"}],"author":[{"embeddable":true,"href":"https:\/\/theaicontentfactory.com\/es\/wp-json\/wp\/v2\/users\/1"}],"replies":[{"embeddable":true,"href":"https:\/\/theaicontentfactory.com\/es\/wp-json\/wp\/v2\/comments?post=1283"}],"version-history":[{"count":75,"href":"https:\/\/theaicontentfactory.com\/es\/wp-json\/wp\/v2\/pages\/1283\/revisions"}],"predecessor-version":[{"id":2061,"href":"https:\/\/theaicontentfactory.com\/es\/wp-json\/wp\/v2\/pages\/1283\/revisions\/2061"}],"wp:attachment":[{"href":"https:\/\/theaicontentfactory.com\/es\/wp-json\/wp\/v2\/media?parent=1283"}],"curies":[{"name":"wp","href":"https:\/\/api.w.org\/{rel}","templated":true}]}}